{"id":677,"date":"2021-04-06T15:18:14","date_gmt":"2021-04-06T15:18:14","guid":{"rendered":"https:\/\/golfzeichen.de\/?page_id=677"},"modified":"2021-04-26T20:06:22","modified_gmt":"2021-04-26T20:06:22","slug":"individualisierung-der-golfprodukte-aus-metall","status":"publish","type":"page","link":"https:\/\/golfzeichen.de\/en\/individualisierung-der-golfprodukte-aus-metall\/","title":{"rendered":"How it works"},"content":{"rendered":"<div class=\"wp-block-columns is-layout-flex wp-container-core-columns-is-layout-28f84493 wp-block-columns-is-layout-flex\">\n<div class=\"wp-block-column is-layout-flow wp-block-column-is-layout-flow\" style=\"flex-basis:33.33%\">\n<figure class=\"wp-block-image size-large is-resized\"><img decoding=\"async\" src=\"https:\/\/golfzeichen.de\/wp-content\/uploads\/2021\/04\/gz-anfrage.png\" alt=\"\" class=\"wp-image-692\" width=\"120\" height=\"120\" srcset=\"https:\/\/golfzeichen.de\/wp-content\/uploads\/2021\/04\/gz-anfrage.png 200w, https:\/\/golfzeichen.de\/wp-content\/uploads\/2021\/04\/gz-anfrage-150x150.png 150w\" sizes=\"(max-width: 120px) 100vw, 120px\" \/><\/figure>\n<\/div>\n\n\n\n<div class=\"wp-block-column is-layout-flow wp-block-column-is-layout-flow\" style=\"flex-basis:66.66%\">\n<h2 class=\"wp-block-heading\"><span style=\"color:#004884\" class=\"has-inline-color\">1. Enquiry&nbsp;<\/span><\/h2>\n\n\n\n<p>Enquire about your desired products \u2013 we will give you the advice you need. Please send us your club logo. The best formats are DXF, EPS and high-resolution JPG files.<\/p>\n<\/div>\n<\/div>\n\n\n\n<div class=\"wp-block-columns is-layout-flex wp-container-core-columns-is-layout-28f84493 wp-block-columns-is-layout-flex\">\n<div class=\"wp-block-column is-layout-flow wp-block-column-is-layout-flow\" style=\"flex-basis:33.33%\">\n<figure class=\"wp-block-image size-large is-resized\"><img decoding=\"async\" src=\"https:\/\/golfzeichen.de\/wp-content\/uploads\/2021\/04\/gz-fertigungszeichnung.png\" alt=\"\" class=\"wp-image-697\" width=\"120\" height=\"120\" srcset=\"https:\/\/golfzeichen.de\/wp-content\/uploads\/2021\/04\/gz-fertigungszeichnung.png 200w, https:\/\/golfzeichen.de\/wp-content\/uploads\/2021\/04\/gz-fertigungszeichnung-150x150.png 150w\" sizes=\"(max-width: 120px) 100vw, 120px\" \/><\/figure>\n<\/div>\n\n\n\n<div class=\"wp-block-column is-layout-flow wp-block-column-is-layout-flow\" style=\"flex-basis:66.66%\">\n<h2 class=\"wp-block-heading\"><span style=\"color:#004884\" class=\"has-inline-color\">2. Production drawing<\/span><\/h2>\n\n\n\n<p>This is where we consider your ideas for <a href=\"https:\/\/golfzeichen.de\/en\/so-funktionierts\/\">motif, shape, colour and size <\/a>of your products. We will send you a sketch of your products for approval.<\/p>\n<\/div>\n<\/div>\n\n\n\n<div class=\"wp-block-columns is-layout-flex wp-container-core-columns-is-layout-28f84493 wp-block-columns-is-layout-flex\">\n<div class=\"wp-block-column is-layout-flow wp-block-column-is-layout-flow\" style=\"flex-basis:33.33%\">\n<figure class=\"wp-block-image size-large is-resized\"><img decoding=\"async\" src=\"https:\/\/golfzeichen.de\/wp-content\/uploads\/2021\/04\/gz-angebot.png\" alt=\"\" class=\"wp-image-701\" width=\"120\" height=\"120\" srcset=\"https:\/\/golfzeichen.de\/wp-content\/uploads\/2021\/04\/gz-angebot.png 200w, https:\/\/golfzeichen.de\/wp-content\/uploads\/2021\/04\/gz-angebot-150x150.png 150w\" sizes=\"(max-width: 120px) 100vw, 120px\" \/><\/figure>\n<\/div>\n\n\n\n<div class=\"wp-block-column is-layout-flow wp-block-column-is-layout-flow\" style=\"flex-basis:66.66%\">\n<h2 class=\"wp-block-heading\"><span style=\"color:#004884\" class=\"has-inline-color\">3. Offer and delivery time<\/span><\/h2>\n\n\n\n<p>Once you have approved our production drawing, we will send you an offer for the desired quantity, design and delivery time.<\/p>\n<\/div>\n<\/div>\n\n\n\n<div class=\"wp-block-columns is-layout-flex wp-container-core-columns-is-layout-28f84493 wp-block-columns-is-layout-flex\">\n<div class=\"wp-block-column is-layout-flow wp-block-column-is-layout-flow\" style=\"flex-basis:33.33%\">\n<figure class=\"wp-block-image size-large is-resized\"><img loading=\"lazy\" decoding=\"async\" src=\"https:\/\/golfzeichen.de\/wp-content\/uploads\/2021\/04\/gz-lieferung.png\" alt=\"\" class=\"wp-image-702\" width=\"120\" height=\"120\" srcset=\"https:\/\/golfzeichen.de\/wp-content\/uploads\/2021\/04\/gz-lieferung.png 200w, https:\/\/golfzeichen.de\/wp-content\/uploads\/2021\/04\/gz-lieferung-150x150.png 150w\" sizes=\"(max-width: 120px) 100vw, 120px\" \/><\/figure>\n<\/div>\n\n\n\n<div class=\"wp-block-column is-layout-flow wp-block-column-is-layout-flow\" style=\"flex-basis:66.66%\">\n<h2 class=\"wp-block-heading\"><span style=\"color:#004884\" class=\"has-inline-color\">4. Production and shipping<\/span><\/h2>\n\n\n\n<p>Your products will then be custom-made for your golf club, <a href=\"http:\/\/www.rt-lasertechnik.de\" target=\"_blank\" rel=\"noreferrer noopener\">gefertigt<\/a>securely packaged and sent to you, lighting up your golf course with their special design.<\/p>\n<\/div>\n<\/div>","protected":false},"excerpt":{"rendered":"<p>1. Anfrage&nbsp; Fragen Sie Ihr Wunschprodukt bei uns an, wir beraten Sie gerne. Bitte senden Sie uns hier schon Ihr Club-Logo mit. Ideal w\u00e4re eine DXF-, EPS- oder hochaufgel\u00f6ste JPG-Datei. 2. Fertigungszeichnung Wir k\u00f6nnen so Ihre Vorstellungen von Motiv, Form, Farbe und Gr\u00f6\u00dfe ber\u00fccksichtigen. Sie erhalten von uns eine Skizze Ihres Wunschproduktes zur Abstimmung. 3. [&hellip;]<\/p>","protected":false},"author":1,"featured_media":0,"parent":0,"menu_order":0,"comment_status":"closed","ping_status":"closed","template":"","meta":{"_acf_changed":false,"footnotes":""},"class_list":["post-677","page","type-page","status-publish","hentry"],"acf":[],"yoast_head":"<!-- This site is optimized with the Yoast SEO plugin v25.5 - https:\/\/yoast.com\/wordpress\/plugins\/seo\/ -->\n<title>Individualisierung der Golfprodukte aus Metall | So funktioniert&#039;s |<\/title>\n<meta name=\"description\" content=\"Individualisierung der Golfprodukte aus Metall: Motiv, Form, Farbe und Gr\u00f6\u00dfe k\u00f6nnen Sie frei w\u00e4hlen. Golfprodukte als Unikat| Golfzeichen\" \/>\n<meta name=\"robots\" content=\"index, follow, max-snippet:-1, max-image-preview:large, max-video-preview:-1\" \/>\n<link rel=\"canonical\" href=\"https:\/\/golfzeichen.de\/en\/individualisierung-der-golfprodukte-aus-metall\/\" \/>\n<meta property=\"og:locale\" content=\"en_GB\" \/>\n<meta property=\"og:type\" content=\"article\" \/>\n<meta property=\"og:title\" content=\"Individualisierung der Golfprodukte aus Metall | So funktioniert&#039;s |\" \/>\n<meta property=\"og:description\" content=\"Individualisierung der Golfprodukte aus Metall: Motiv, Form, Farbe und Gr\u00f6\u00dfe k\u00f6nnen Sie frei w\u00e4hlen. Golfprodukte als Unikat| Golfzeichen\" \/>\n<meta property=\"og:url\" content=\"https:\/\/golfzeichen.de\/en\/individualisierung-der-golfprodukte-aus-metall\/\" \/>\n<meta property=\"og:site_name\" content=\"Golfzeichen\" \/>\n<meta property=\"article:modified_time\" content=\"2021-04-26T20:06:22+00:00\" \/>\n<meta property=\"og:image\" content=\"https:\/\/golfzeichen.de\/wp-content\/uploads\/2021\/04\/gz-anfrage.png\" \/>\n<meta name=\"twitter:card\" content=\"summary_large_image\" \/>\n<meta name=\"twitter:label1\" content=\"Estimated reading time\" \/>\n\t<meta name=\"twitter:data1\" content=\"2 minutes\" \/>\n<script type=\"application\/ld+json\" class=\"yoast-schema-graph\">{\"@context\":\"https:\/\/schema.org\",\"@graph\":[{\"@type\":\"WebPage\",\"@id\":\"https:\/\/golfzeichen.de\/individualisierung-der-golfprodukte-aus-metall\/\",\"url\":\"https:\/\/golfzeichen.de\/individualisierung-der-golfprodukte-aus-metall\/\",\"name\":\"Individualisierung der Golfprodukte aus Metall | So funktioniert's |\",\"isPartOf\":{\"@id\":\"https:\/\/golfzeichen.de\/#website\"},\"primaryImageOfPage\":{\"@id\":\"https:\/\/golfzeichen.de\/individualisierung-der-golfprodukte-aus-metall\/#primaryimage\"},\"image\":{\"@id\":\"https:\/\/golfzeichen.de\/individualisierung-der-golfprodukte-aus-metall\/#primaryimage\"},\"thumbnailUrl\":\"https:\/\/golfzeichen.de\/wp-content\/uploads\/2021\/04\/gz-anfrage.png\",\"datePublished\":\"2021-04-06T15:18:14+00:00\",\"dateModified\":\"2021-04-26T20:06:22+00:00\",\"description\":\"Individualisierung der Golfprodukte aus Metall: Motiv, Form, Farbe und Gr\u00f6\u00dfe k\u00f6nnen Sie frei w\u00e4hlen. Golfprodukte als Unikat| Golfzeichen\",\"breadcrumb\":{\"@id\":\"https:\/\/golfzeichen.de\/individualisierung-der-golfprodukte-aus-metall\/#breadcrumb\"},\"inLanguage\":\"en-GB\",\"potentialAction\":[{\"@type\":\"ReadAction\",\"target\":[\"https:\/\/golfzeichen.de\/individualisierung-der-golfprodukte-aus-metall\/\"]}]},{\"@type\":\"ImageObject\",\"inLanguage\":\"en-GB\",\"@id\":\"https:\/\/golfzeichen.de\/individualisierung-der-golfprodukte-aus-metall\/#primaryimage\",\"url\":\"https:\/\/golfzeichen.de\/wp-content\/uploads\/2021\/04\/gz-anfrage.png\",\"contentUrl\":\"https:\/\/golfzeichen.de\/wp-content\/uploads\/2021\/04\/gz-anfrage.png\"},{\"@type\":\"BreadcrumbList\",\"@id\":\"https:\/\/golfzeichen.de\/individualisierung-der-golfprodukte-aus-metall\/#breadcrumb\",\"itemListElement\":[{\"@type\":\"ListItem\",\"position\":1,\"name\":\"Startseite\",\"item\":\"https:\/\/golfzeichen.de\/\"},{\"@type\":\"ListItem\",\"position\":2,\"name\":\"So funktioniert&#8217;s\"}]},{\"@type\":\"WebSite\",\"@id\":\"https:\/\/golfzeichen.de\/#website\",\"url\":\"https:\/\/golfzeichen.de\/\",\"name\":\"Golfzeichen\",\"description\":\"So einzigartig und individuell wie Ihr Golfclub!\",\"publisher\":{\"@id\":\"https:\/\/golfzeichen.de\/#organization\"},\"potentialAction\":[{\"@type\":\"SearchAction\",\"target\":{\"@type\":\"EntryPoint\",\"urlTemplate\":\"https:\/\/golfzeichen.de\/?s={search_term_string}\"},\"query-input\":{\"@type\":\"PropertyValueSpecification\",\"valueRequired\":true,\"valueName\":\"search_term_string\"}}],\"inLanguage\":\"en-GB\"},{\"@type\":\"Organization\",\"@id\":\"https:\/\/golfzeichen.de\/#organization\",\"name\":\"Golfzeichen\",\"url\":\"https:\/\/golfzeichen.de\/\",\"logo\":{\"@type\":\"ImageObject\",\"inLanguage\":\"en-GB\",\"@id\":\"https:\/\/golfzeichen.de\/#\/schema\/logo\/image\/\",\"url\":\"https:\/\/golfzeichen.de\/wp-content\/uploads\/2021\/03\/Golfzeichen.png\",\"contentUrl\":\"https:\/\/golfzeichen.de\/wp-content\/uploads\/2021\/03\/Golfzeichen.png\",\"width\":342,\"height\":142,\"caption\":\"Golfzeichen\"},\"image\":{\"@id\":\"https:\/\/golfzeichen.de\/#\/schema\/logo\/image\/\"}}]}<\/script>\n<!-- \/ Yoast SEO plugin. -->","yoast_head_json":{"title":"Individualisierung der Golfprodukte aus Metall | So funktioniert's |","description":"Individualisierung der Golfprodukte aus Metall: Motiv, Form, Farbe und Gr\u00f6\u00dfe k\u00f6nnen Sie frei w\u00e4hlen. Golfprodukte als Unikat| Golfzeichen","robots":{"index":"index","follow":"follow","max-snippet":"max-snippet:-1","max-image-preview":"max-image-preview:large","max-video-preview":"max-video-preview:-1"},"canonical":"https:\/\/golfzeichen.de\/en\/individualisierung-der-golfprodukte-aus-metall\/","og_locale":"en_GB","og_type":"article","og_title":"Individualisierung der Golfprodukte aus Metall | So funktioniert's |","og_description":"Individualisierung der Golfprodukte aus Metall: Motiv, Form, Farbe und Gr\u00f6\u00dfe k\u00f6nnen Sie frei w\u00e4hlen. Golfprodukte als Unikat| Golfzeichen","og_url":"https:\/\/golfzeichen.de\/en\/individualisierung-der-golfprodukte-aus-metall\/","og_site_name":"Golfzeichen","article_modified_time":"2021-04-26T20:06:22+00:00","og_image":[{"url":"https:\/\/golfzeichen.de\/wp-content\/uploads\/2021\/04\/gz-anfrage.png","type":"","width":"","height":""}],"twitter_card":"summary_large_image","twitter_misc":{"Estimated reading time":"2 minutes"},"schema":{"@context":"https:\/\/schema.org","@graph":[{"@type":"WebPage","@id":"https:\/\/golfzeichen.de\/individualisierung-der-golfprodukte-aus-metall\/","url":"https:\/\/golfzeichen.de\/individualisierung-der-golfprodukte-aus-metall\/","name":"Individualisierung der Golfprodukte aus Metall | So funktioniert's |","isPartOf":{"@id":"https:\/\/golfzeichen.de\/#website"},"primaryImageOfPage":{"@id":"https:\/\/golfzeichen.de\/individualisierung-der-golfprodukte-aus-metall\/#primaryimage"},"image":{"@id":"https:\/\/golfzeichen.de\/individualisierung-der-golfprodukte-aus-metall\/#primaryimage"},"thumbnailUrl":"https:\/\/golfzeichen.de\/wp-content\/uploads\/2021\/04\/gz-anfrage.png","datePublished":"2021-04-06T15:18:14+00:00","dateModified":"2021-04-26T20:06:22+00:00","description":"Individualisierung der Golfprodukte aus Metall: Motiv, Form, Farbe und Gr\u00f6\u00dfe k\u00f6nnen Sie frei w\u00e4hlen. Golfprodukte als Unikat| Golfzeichen","breadcrumb":{"@id":"https:\/\/golfzeichen.de\/individualisierung-der-golfprodukte-aus-metall\/#breadcrumb"},"inLanguage":"en-GB","potentialAction":[{"@type":"ReadAction","target":["https:\/\/golfzeichen.de\/individualisierung-der-golfprodukte-aus-metall\/"]}]},{"@type":"ImageObject","inLanguage":"en-GB","@id":"https:\/\/golfzeichen.de\/individualisierung-der-golfprodukte-aus-metall\/#primaryimage","url":"https:\/\/golfzeichen.de\/wp-content\/uploads\/2021\/04\/gz-anfrage.png","contentUrl":"https:\/\/golfzeichen.de\/wp-content\/uploads\/2021\/04\/gz-anfrage.png"},{"@type":"BreadcrumbList","@id":"https:\/\/golfzeichen.de\/individualisierung-der-golfprodukte-aus-metall\/#breadcrumb","itemListElement":[{"@type":"ListItem","position":1,"name":"Startseite","item":"https:\/\/golfzeichen.de\/"},{"@type":"ListItem","position":2,"name":"So funktioniert&#8217;s"}]},{"@type":"WebSite","@id":"https:\/\/golfzeichen.de\/#website","url":"https:\/\/golfzeichen.de\/","name":"Golfzeichen","description":"So einzigartig und individuell wie Ihr Golfclub!","publisher":{"@id":"https:\/\/golfzeichen.de\/#organization"},"potentialAction":[{"@type":"SearchAction","target":{"@type":"EntryPoint","urlTemplate":"https:\/\/golfzeichen.de\/?s={search_term_string}"},"query-input":{"@type":"PropertyValueSpecification","valueRequired":true,"valueName":"search_term_string"}}],"inLanguage":"en-GB"},{"@type":"Organization","@id":"https:\/\/golfzeichen.de\/#organization","name":"Golfzeichen","url":"https:\/\/golfzeichen.de\/","logo":{"@type":"ImageObject","inLanguage":"en-GB","@id":"https:\/\/golfzeichen.de\/#\/schema\/logo\/image\/","url":"https:\/\/golfzeichen.de\/wp-content\/uploads\/2021\/03\/Golfzeichen.png","contentUrl":"https:\/\/golfzeichen.de\/wp-content\/uploads\/2021\/03\/Golfzeichen.png","width":342,"height":142,"caption":"Golfzeichen"},"image":{"@id":"https:\/\/golfzeichen.de\/#\/schema\/logo\/image\/"}}]}},"_links":{"self":[{"href":"https:\/\/golfzeichen.de\/en\/wp-json\/wp\/v2\/pages\/677","targetHints":{"allow":["GET"]}}],"collection":[{"href":"https:\/\/golfzeichen.de\/en\/wp-json\/wp\/v2\/pages"}],"about":[{"href":"https:\/\/golfzeichen.de\/en\/wp-json\/wp\/v2\/types\/page"}],"author":[{"embeddable":true,"href":"https:\/\/golfzeichen.de\/en\/wp-json\/wp\/v2\/users\/1"}],"replies":[{"embeddable":true,"href":"https:\/\/golfzeichen.de\/en\/wp-json\/wp\/v2\/comments?post=677"}],"version-history":[{"count":16,"href":"https:\/\/golfzeichen.de\/en\/wp-json\/wp\/v2\/pages\/677\/revisions"}],"predecessor-version":[{"id":1449,"href":"https:\/\/golfzeichen.de\/en\/wp-json\/wp\/v2\/pages\/677\/revisions\/1449"}],"wp:attachment":[{"href":"https:\/\/golfzeichen.de\/en\/wp-json\/wp\/v2\/media?parent=677"}],"curies":[{"name":"wp","href":"https:\/\/api.w.org\/{rel}","templated":true}]}}