{"id":1513,"date":"2022-03-03T14:51:28","date_gmt":"2022-03-03T14:51:28","guid":{"rendered":"https:\/\/golfzeichen.de\/?page_id=1513"},"modified":"2022-03-03T16:50:16","modified_gmt":"2022-03-03T16:50:16","slug":"stellenangebote","status":"publish","type":"page","link":"https:\/\/golfzeichen.de\/en\/stellenangebote\/","title":{"rendered":"Stellenangebote"},"content":{"rendered":"<div class=\"wp-block-columns is-layout-flex wp-container-core-columns-is-layout-28f84493 wp-block-columns-is-layout-flex\">\n<div class=\"wp-block-column is-layout-flow wp-block-column-is-layout-flow\">\n<p>Golfzeichen\u00a0produziert einzigartige und individuelle Artikel f\u00fcr Golfpl\u00e4tze in ganz Europa. Die Produkte werden aus Edelstahl oder pulverbeschichtetem Stahl gefertigt, um eine lange Lebensdauer und eine qualitativ hochwertige Optik sicherzustellen.\u00a0Die Individualit\u00e4t spielt die gr\u00f6\u00dfte Rolle.<br><\/p>\n<\/div>\n\n\n\n<div class=\"wp-block-column is-layout-flow wp-block-column-is-layout-flow\">\n<p>Wir glauben daran, dass jeder Golfclub\u00a0einzigartig ist und dies auch zeigen sollte. Motiv, Form, Farbe und Gr\u00f6\u00dfe sind f\u00fcr der Artikel individuell anpassbar.\u00a0<\/p>\n\n\n\n<p>F\u00fcr unser aufstrebende Marke suchen wir Verst\u00e4rkung, um weiter wachsen zu k\u00f6nnen. <\/p>\n<\/div>\n<\/div>","protected":false},"excerpt":{"rendered":"<p>Golfzeichen\u00a0produziert einzigartige und individuelle Artikel f\u00fcr Golfpl\u00e4tze in ganz Europa. Die Produkte werden aus Edelstahl oder pulverbeschichtetem Stahl gefertigt, um eine lange Lebensdauer und eine qualitativ hochwertige Optik sicherzustellen.\u00a0Die Individualit\u00e4t spielt die gr\u00f6\u00dfte Rolle. Wir glauben daran, dass jeder Golfclub\u00a0einzigartig ist und dies auch zeigen sollte. Motiv, Form, Farbe und Gr\u00f6\u00dfe sind f\u00fcr der Artikel [&hellip;]<\/p>","protected":false},"author":1,"featured_media":0,"parent":0,"menu_order":0,"comment_status":"closed","ping_status":"closed","template":"","meta":{"_acf_changed":false,"footnotes":""},"class_list":["post-1513","page","type-page","status-publish","hentry"],"acf":[],"yoast_head":"<!-- This site is optimized with the Yoast SEO plugin v25.5 - https:\/\/yoast.com\/wordpress\/plugins\/seo\/ -->\n<title>Stellenangebote | Golfzeichen<\/title>\n<meta name=\"description\" content=\"Stellenangebote | Golfzeichen |\" \/>\n<meta name=\"robots\" content=\"index, follow, max-snippet:-1, max-image-preview:large, max-video-preview:-1\" \/>\n<link rel=\"canonical\" href=\"https:\/\/golfzeichen.de\/en\/stellenangebote\/\" \/>\n<meta property=\"og:locale\" content=\"en_GB\" \/>\n<meta property=\"og:type\" content=\"article\" \/>\n<meta property=\"og:title\" content=\"Stellenangebote | Golfzeichen\" \/>\n<meta property=\"og:description\" content=\"Stellenangebote | Golfzeichen |\" \/>\n<meta property=\"og:url\" content=\"https:\/\/golfzeichen.de\/en\/stellenangebote\/\" \/>\n<meta property=\"og:site_name\" content=\"Golfzeichen\" \/>\n<meta property=\"article:modified_time\" content=\"2022-03-03T16:50:16+00:00\" \/>\n<meta property=\"og:image\" content=\"https:\/\/golfzeichen.de\/wp-content\/uploads\/2021\/03\/golfzeichen-header.jpg\" \/>\n\t<meta property=\"og:image:width\" content=\"1740\" \/>\n\t<meta property=\"og:image:height\" content=\"580\" \/>\n\t<meta property=\"og:image:type\" content=\"image\/jpeg\" \/>\n<meta name=\"twitter:card\" content=\"summary_large_image\" \/>\n<meta name=\"twitter:label1\" content=\"Estimated reading time\" \/>\n\t<meta name=\"twitter:data1\" content=\"1 minute\" \/>\n<script type=\"application\/ld+json\" class=\"yoast-schema-graph\">{\"@context\":\"https:\/\/schema.org\",\"@graph\":[{\"@type\":\"WebPage\",\"@id\":\"https:\/\/golfzeichen.de\/stellenangebote\/\",\"url\":\"https:\/\/golfzeichen.de\/stellenangebote\/\",\"name\":\"Stellenangebote | Golfzeichen\",\"isPartOf\":{\"@id\":\"https:\/\/golfzeichen.de\/#website\"},\"datePublished\":\"2022-03-03T14:51:28+00:00\",\"dateModified\":\"2022-03-03T16:50:16+00:00\",\"description\":\"Stellenangebote | Golfzeichen |\",\"breadcrumb\":{\"@id\":\"https:\/\/golfzeichen.de\/stellenangebote\/#breadcrumb\"},\"inLanguage\":\"en-GB\",\"potentialAction\":[{\"@type\":\"ReadAction\",\"target\":[\"https:\/\/golfzeichen.de\/stellenangebote\/\"]}]},{\"@type\":\"BreadcrumbList\",\"@id\":\"https:\/\/golfzeichen.de\/stellenangebote\/#breadcrumb\",\"itemListElement\":[{\"@type\":\"ListItem\",\"position\":1,\"name\":\"Startseite\",\"item\":\"https:\/\/golfzeichen.de\/\"},{\"@type\":\"ListItem\",\"position\":2,\"name\":\"Stellenangebote\"}]},{\"@type\":\"WebSite\",\"@id\":\"https:\/\/golfzeichen.de\/#website\",\"url\":\"https:\/\/golfzeichen.de\/\",\"name\":\"Golfzeichen\",\"description\":\"So einzigartig und individuell wie Ihr Golfclub!\",\"publisher\":{\"@id\":\"https:\/\/golfzeichen.de\/#organization\"},\"potentialAction\":[{\"@type\":\"SearchAction\",\"target\":{\"@type\":\"EntryPoint\",\"urlTemplate\":\"https:\/\/golfzeichen.de\/?s={search_term_string}\"},\"query-input\":{\"@type\":\"PropertyValueSpecification\",\"valueRequired\":true,\"valueName\":\"search_term_string\"}}],\"inLanguage\":\"en-GB\"},{\"@type\":\"Organization\",\"@id\":\"https:\/\/golfzeichen.de\/#organization\",\"name\":\"Golfzeichen\",\"url\":\"https:\/\/golfzeichen.de\/\",\"logo\":{\"@type\":\"ImageObject\",\"inLanguage\":\"en-GB\",\"@id\":\"https:\/\/golfzeichen.de\/#\/schema\/logo\/image\/\",\"url\":\"https:\/\/golfzeichen.de\/wp-content\/uploads\/2021\/03\/Golfzeichen.png\",\"contentUrl\":\"https:\/\/golfzeichen.de\/wp-content\/uploads\/2021\/03\/Golfzeichen.png\",\"width\":342,\"height\":142,\"caption\":\"Golfzeichen\"},\"image\":{\"@id\":\"https:\/\/golfzeichen.de\/#\/schema\/logo\/image\/\"}}]}<\/script>\n<!-- \/ Yoast SEO plugin. -->","yoast_head_json":{"title":"Stellenangebote | Golfzeichen","description":"Stellenangebote | Golfzeichen |","robots":{"index":"index","follow":"follow","max-snippet":"max-snippet:-1","max-image-preview":"max-image-preview:large","max-video-preview":"max-video-preview:-1"},"canonical":"https:\/\/golfzeichen.de\/en\/stellenangebote\/","og_locale":"en_GB","og_type":"article","og_title":"Stellenangebote | Golfzeichen","og_description":"Stellenangebote | Golfzeichen |","og_url":"https:\/\/golfzeichen.de\/en\/stellenangebote\/","og_site_name":"Golfzeichen","article_modified_time":"2022-03-03T16:50:16+00:00","og_image":[{"width":1740,"height":580,"url":"https:\/\/golfzeichen.de\/wp-content\/uploads\/2021\/03\/golfzeichen-header.jpg","type":"image\/jpeg"}],"twitter_card":"summary_large_image","twitter_misc":{"Estimated reading time":"1 minute"},"schema":{"@context":"https:\/\/schema.org","@graph":[{"@type":"WebPage","@id":"https:\/\/golfzeichen.de\/stellenangebote\/","url":"https:\/\/golfzeichen.de\/stellenangebote\/","name":"Stellenangebote | Golfzeichen","isPartOf":{"@id":"https:\/\/golfzeichen.de\/#website"},"datePublished":"2022-03-03T14:51:28+00:00","dateModified":"2022-03-03T16:50:16+00:00","description":"Stellenangebote | Golfzeichen |","breadcrumb":{"@id":"https:\/\/golfzeichen.de\/stellenangebote\/#breadcrumb"},"inLanguage":"en-GB","potentialAction":[{"@type":"ReadAction","target":["https:\/\/golfzeichen.de\/stellenangebote\/"]}]},{"@type":"BreadcrumbList","@id":"https:\/\/golfzeichen.de\/stellenangebote\/#breadcrumb","itemListElement":[{"@type":"ListItem","position":1,"name":"Startseite","item":"https:\/\/golfzeichen.de\/"},{"@type":"ListItem","position":2,"name":"Stellenangebote"}]},{"@type":"WebSite","@id":"https:\/\/golfzeichen.de\/#website","url":"https:\/\/golfzeichen.de\/","name":"Golfzeichen","description":"So einzigartig und individuell wie Ihr Golfclub!","publisher":{"@id":"https:\/\/golfzeichen.de\/#organization"},"potentialAction":[{"@type":"SearchAction","target":{"@type":"EntryPoint","urlTemplate":"https:\/\/golfzeichen.de\/?s={search_term_string}"},"query-input":{"@type":"PropertyValueSpecification","valueRequired":true,"valueName":"search_term_string"}}],"inLanguage":"en-GB"},{"@type":"Organization","@id":"https:\/\/golfzeichen.de\/#organization","name":"Golfzeichen","url":"https:\/\/golfzeichen.de\/","logo":{"@type":"ImageObject","inLanguage":"en-GB","@id":"https:\/\/golfzeichen.de\/#\/schema\/logo\/image\/","url":"https:\/\/golfzeichen.de\/wp-content\/uploads\/2021\/03\/Golfzeichen.png","contentUrl":"https:\/\/golfzeichen.de\/wp-content\/uploads\/2021\/03\/Golfzeichen.png","width":342,"height":142,"caption":"Golfzeichen"},"image":{"@id":"https:\/\/golfzeichen.de\/#\/schema\/logo\/image\/"}}]}},"_links":{"self":[{"href":"https:\/\/golfzeichen.de\/en\/wp-json\/wp\/v2\/pages\/1513","targetHints":{"allow":["GET"]}}],"collection":[{"href":"https:\/\/golfzeichen.de\/en\/wp-json\/wp\/v2\/pages"}],"about":[{"href":"https:\/\/golfzeichen.de\/en\/wp-json\/wp\/v2\/types\/page"}],"author":[{"embeddable":true,"href":"https:\/\/golfzeichen.de\/en\/wp-json\/wp\/v2\/users\/1"}],"replies":[{"embeddable":true,"href":"https:\/\/golfzeichen.de\/en\/wp-json\/wp\/v2\/comments?post=1513"}],"version-history":[{"count":3,"href":"https:\/\/golfzeichen.de\/en\/wp-json\/wp\/v2\/pages\/1513\/revisions"}],"predecessor-version":[{"id":1559,"href":"https:\/\/golfzeichen.de\/en\/wp-json\/wp\/v2\/pages\/1513\/revisions\/1559"}],"wp:attachment":[{"href":"https:\/\/golfzeichen.de\/en\/wp-json\/wp\/v2\/media?parent=1513"}],"curies":[{"name":"wp","href":"https:\/\/api.w.org\/{rel}","templated":true}]}}