{"id":147,"date":"2021-03-03T13:12:18","date_gmt":"2021-03-03T13:12:18","guid":{"rendered":"https:\/\/golfzeichen.de\/?page_id=147"},"modified":"2021-04-26T19:47:01","modified_gmt":"2021-04-26T19:47:01","slug":"merchandise-aus-metall-mit-logo","status":"publish","type":"page","link":"https:\/\/golfzeichen.de\/en\/produkte\/merchandise-aus-metall-mit-logo\/","title":{"rendered":"Club merchandise"},"content":{"rendered":"<div class=\"wp-block-columns is-layout-flex wp-container-core-columns-is-layout-28f84493 wp-block-columns-is-layout-flex\">\n<div class=\"wp-block-column is-layout-flow wp-block-column-is-layout-flow\">\n<p><strong><strong>Customised metal merchandise with a logo for your golf course.<\/strong><\/strong><\/p>\n\n\n\n<p>Use our customised products as premium advertising for your <a href=\"https:\/\/golfzeichen.de\/en\/produkte\/merchandise-aus-metall-mit-logo\/\">golf course,<\/a> giving your members a greater sense of belonging and loyalty.<\/p>\n\n\n\n<p>We can customise and tailor every product to your wishes \u2013 from bag tags and pitch forks to ball markers.<\/p>\n<\/div>\n\n\n\n<div class=\"wp-block-column is-layout-flow wp-block-column-is-layout-flow\">\n<p>You are free to design and choose the motif, shape, colour and size of your items.<\/p>\n\n\n\n<p>Our merchandise items are also made of stainless or coated steel <a href=\"http:\/\/www.rt-lasertechnik.de\" target=\"_blank\" rel=\"noreferrer noopener\">gefertigt<\/a> to ensure premium durability.<br>The range is completed with various accessories such as matching straps.<\/p>\n<\/div>\n<\/div>","protected":false},"excerpt":{"rendered":"<p>Individuelles Merchandise aus Metall mit Logo f\u00fcr Ihren Golfplatz. Nutzen Sie unsere individualisierten Produkte als hochwertige Werbemittel f\u00fcr Ihren Golfplatz. So st\u00e4rken Sie das Zugeh\u00f6rigkeitsgef\u00fchl und&nbsp; die Loyalit\u00e4t Ihrer Mitglieder. Vom Bag-Tag \u00fcber Pitch-Gabeln bis zum Ballmarker \u2013 wir k\u00f6nnen jedes Produkt individualisieren und nach Ihren Vorstellungen fertigen. Motiv, Form, Farbe und Gr\u00f6\u00dfe sind frei [&hellip;]<\/p>","protected":false},"author":1,"featured_media":0,"parent":12,"menu_order":0,"comment_status":"closed","ping_status":"closed","template":"elementor_theme","meta":{"_acf_changed":false,"footnotes":""},"class_list":["post-147","page","type-page","status-publish","hentry"],"acf":[],"yoast_head":"<!-- This site is optimized with the Yoast SEO plugin v25.5 - https:\/\/yoast.com\/wordpress\/plugins\/seo\/ -->\n<title>Merchandise aus Metall mit Logo f\u00fcr Golfpl\u00e4tze | Einzigartig | Golfzeichen<\/title>\n<meta name=\"description\" content=\"Individualisiertes Golfclub Merchandise aus Metall mit Logo f\u00fcr Golfpl\u00e4tze | Individuell gefertigte Golfclub-Designs | Golfzeichen\" \/>\n<meta name=\"robots\" content=\"index, follow, max-snippet:-1, max-image-preview:large, max-video-preview:-1\" \/>\n<link rel=\"canonical\" href=\"https:\/\/golfzeichen.de\/en\/produkte\/merchandise-aus-metall-mit-logo\/\" \/>\n<meta property=\"og:locale\" content=\"en_GB\" \/>\n<meta property=\"og:type\" content=\"article\" \/>\n<meta property=\"og:title\" content=\"Merchandise aus Metall mit Logo f\u00fcr Golfpl\u00e4tze | Einzigartig | Golfzeichen\" \/>\n<meta property=\"og:description\" content=\"Individualisiertes Golfclub Merchandise aus Metall mit Logo f\u00fcr Golfpl\u00e4tze | Individuell gefertigte Golfclub-Designs | Golfzeichen\" \/>\n<meta property=\"og:url\" content=\"https:\/\/golfzeichen.de\/en\/produkte\/merchandise-aus-metall-mit-logo\/\" \/>\n<meta property=\"og:site_name\" content=\"Golfzeichen\" \/>\n<meta property=\"article:modified_time\" content=\"2021-04-26T19:47:01+00:00\" \/>\n<meta property=\"og:image\" content=\"https:\/\/golfzeichen.de\/wp-content\/uploads\/2021\/03\/golfzeichen-header.jpg\" \/>\n\t<meta property=\"og:image:width\" content=\"1740\" \/>\n\t<meta property=\"og:image:height\" content=\"580\" \/>\n\t<meta property=\"og:image:type\" content=\"image\/jpeg\" \/>\n<meta name=\"twitter:card\" content=\"summary_large_image\" \/>\n<meta name=\"twitter:label1\" content=\"Estimated reading time\" \/>\n\t<meta name=\"twitter:data1\" content=\"1 minute\" \/>\n<script type=\"application\/ld+json\" class=\"yoast-schema-graph\">{\"@context\":\"https:\/\/schema.org\",\"@graph\":[{\"@type\":\"WebPage\",\"@id\":\"https:\/\/golfzeichen.de\/produkte\/merchandise-aus-metall-mit-logo\/\",\"url\":\"https:\/\/golfzeichen.de\/produkte\/merchandise-aus-metall-mit-logo\/\",\"name\":\"Merchandise aus Metall mit Logo f\u00fcr Golfpl\u00e4tze | Einzigartig | Golfzeichen\",\"isPartOf\":{\"@id\":\"https:\/\/golfzeichen.de\/#website\"},\"datePublished\":\"2021-03-03T13:12:18+00:00\",\"dateModified\":\"2021-04-26T19:47:01+00:00\",\"description\":\"Individualisiertes Golfclub Merchandise aus Metall mit Logo f\u00fcr Golfpl\u00e4tze | Individuell gefertigte Golfclub-Designs | Golfzeichen\",\"breadcrumb\":{\"@id\":\"https:\/\/golfzeichen.de\/produkte\/merchandise-aus-metall-mit-logo\/#breadcrumb\"},\"inLanguage\":\"en-GB\",\"potentialAction\":[{\"@type\":\"ReadAction\",\"target\":[\"https:\/\/golfzeichen.de\/produkte\/merchandise-aus-metall-mit-logo\/\"]}]},{\"@type\":\"BreadcrumbList\",\"@id\":\"https:\/\/golfzeichen.de\/produkte\/merchandise-aus-metall-mit-logo\/#breadcrumb\",\"itemListElement\":[{\"@type\":\"ListItem\",\"position\":1,\"name\":\"Startseite\",\"item\":\"https:\/\/golfzeichen.de\/\"},{\"@type\":\"ListItem\",\"position\":2,\"name\":\"Produkte\",\"item\":\"https:\/\/golfzeichen.de\/produkte\/\"},{\"@type\":\"ListItem\",\"position\":3,\"name\":\"Merchandise\"}]},{\"@type\":\"WebSite\",\"@id\":\"https:\/\/golfzeichen.de\/#website\",\"url\":\"https:\/\/golfzeichen.de\/\",\"name\":\"Golfzeichen\",\"description\":\"So einzigartig und individuell wie Ihr Golfclub!\",\"publisher\":{\"@id\":\"https:\/\/golfzeichen.de\/#organization\"},\"potentialAction\":[{\"@type\":\"SearchAction\",\"target\":{\"@type\":\"EntryPoint\",\"urlTemplate\":\"https:\/\/golfzeichen.de\/?s={search_term_string}\"},\"query-input\":{\"@type\":\"PropertyValueSpecification\",\"valueRequired\":true,\"valueName\":\"search_term_string\"}}],\"inLanguage\":\"en-GB\"},{\"@type\":\"Organization\",\"@id\":\"https:\/\/golfzeichen.de\/#organization\",\"name\":\"Golfzeichen\",\"url\":\"https:\/\/golfzeichen.de\/\",\"logo\":{\"@type\":\"ImageObject\",\"inLanguage\":\"en-GB\",\"@id\":\"https:\/\/golfzeichen.de\/#\/schema\/logo\/image\/\",\"url\":\"https:\/\/golfzeichen.de\/wp-content\/uploads\/2021\/03\/Golfzeichen.png\",\"contentUrl\":\"https:\/\/golfzeichen.de\/wp-content\/uploads\/2021\/03\/Golfzeichen.png\",\"width\":342,\"height\":142,\"caption\":\"Golfzeichen\"},\"image\":{\"@id\":\"https:\/\/golfzeichen.de\/#\/schema\/logo\/image\/\"}}]}<\/script>\n<!-- \/ Yoast SEO plugin. -->","yoast_head_json":{"title":"Merchandise aus Metall mit Logo f\u00fcr Golfpl\u00e4tze | Einzigartig | Golfzeichen","description":"Individualisiertes Golfclub Merchandise aus Metall mit Logo f\u00fcr Golfpl\u00e4tze | Individuell gefertigte Golfclub-Designs | Golfzeichen","robots":{"index":"index","follow":"follow","max-snippet":"max-snippet:-1","max-image-preview":"max-image-preview:large","max-video-preview":"max-video-preview:-1"},"canonical":"https:\/\/golfzeichen.de\/en\/produkte\/merchandise-aus-metall-mit-logo\/","og_locale":"en_GB","og_type":"article","og_title":"Merchandise aus Metall mit Logo f\u00fcr Golfpl\u00e4tze | Einzigartig | Golfzeichen","og_description":"Individualisiertes Golfclub Merchandise aus Metall mit Logo f\u00fcr Golfpl\u00e4tze | Individuell gefertigte Golfclub-Designs | Golfzeichen","og_url":"https:\/\/golfzeichen.de\/en\/produkte\/merchandise-aus-metall-mit-logo\/","og_site_name":"Golfzeichen","article_modified_time":"2021-04-26T19:47:01+00:00","og_image":[{"width":1740,"height":580,"url":"https:\/\/golfzeichen.de\/wp-content\/uploads\/2021\/03\/golfzeichen-header.jpg","type":"image\/jpeg"}],"twitter_card":"summary_large_image","twitter_misc":{"Estimated reading time":"1 minute"},"schema":{"@context":"https:\/\/schema.org","@graph":[{"@type":"WebPage","@id":"https:\/\/golfzeichen.de\/produkte\/merchandise-aus-metall-mit-logo\/","url":"https:\/\/golfzeichen.de\/produkte\/merchandise-aus-metall-mit-logo\/","name":"Merchandise aus Metall mit Logo f\u00fcr Golfpl\u00e4tze | Einzigartig | Golfzeichen","isPartOf":{"@id":"https:\/\/golfzeichen.de\/#website"},"datePublished":"2021-03-03T13:12:18+00:00","dateModified":"2021-04-26T19:47:01+00:00","description":"Individualisiertes Golfclub Merchandise aus Metall mit Logo f\u00fcr Golfpl\u00e4tze | Individuell gefertigte Golfclub-Designs | Golfzeichen","breadcrumb":{"@id":"https:\/\/golfzeichen.de\/produkte\/merchandise-aus-metall-mit-logo\/#breadcrumb"},"inLanguage":"en-GB","potentialAction":[{"@type":"ReadAction","target":["https:\/\/golfzeichen.de\/produkte\/merchandise-aus-metall-mit-logo\/"]}]},{"@type":"BreadcrumbList","@id":"https:\/\/golfzeichen.de\/produkte\/merchandise-aus-metall-mit-logo\/#breadcrumb","itemListElement":[{"@type":"ListItem","position":1,"name":"Startseite","item":"https:\/\/golfzeichen.de\/"},{"@type":"ListItem","position":2,"name":"Produkte","item":"https:\/\/golfzeichen.de\/produkte\/"},{"@type":"ListItem","position":3,"name":"Merchandise"}]},{"@type":"WebSite","@id":"https:\/\/golfzeichen.de\/#website","url":"https:\/\/golfzeichen.de\/","name":"Golfzeichen","description":"So einzigartig und individuell wie Ihr Golfclub!","publisher":{"@id":"https:\/\/golfzeichen.de\/#organization"},"potentialAction":[{"@type":"SearchAction","target":{"@type":"EntryPoint","urlTemplate":"https:\/\/golfzeichen.de\/?s={search_term_string}"},"query-input":{"@type":"PropertyValueSpecification","valueRequired":true,"valueName":"search_term_string"}}],"inLanguage":"en-GB"},{"@type":"Organization","@id":"https:\/\/golfzeichen.de\/#organization","name":"Golfzeichen","url":"https:\/\/golfzeichen.de\/","logo":{"@type":"ImageObject","inLanguage":"en-GB","@id":"https:\/\/golfzeichen.de\/#\/schema\/logo\/image\/","url":"https:\/\/golfzeichen.de\/wp-content\/uploads\/2021\/03\/Golfzeichen.png","contentUrl":"https:\/\/golfzeichen.de\/wp-content\/uploads\/2021\/03\/Golfzeichen.png","width":342,"height":142,"caption":"Golfzeichen"},"image":{"@id":"https:\/\/golfzeichen.de\/#\/schema\/logo\/image\/"}}]}},"_links":{"self":[{"href":"https:\/\/golfzeichen.de\/en\/wp-json\/wp\/v2\/pages\/147","targetHints":{"allow":["GET"]}}],"collection":[{"href":"https:\/\/golfzeichen.de\/en\/wp-json\/wp\/v2\/pages"}],"about":[{"href":"https:\/\/golfzeichen.de\/en\/wp-json\/wp\/v2\/types\/page"}],"author":[{"embeddable":true,"href":"https:\/\/golfzeichen.de\/en\/wp-json\/wp\/v2\/users\/1"}],"replies":[{"embeddable":true,"href":"https:\/\/golfzeichen.de\/en\/wp-json\/wp\/v2\/comments?post=147"}],"version-history":[{"count":14,"href":"https:\/\/golfzeichen.de\/en\/wp-json\/wp\/v2\/pages\/147\/revisions"}],"predecessor-version":[{"id":1442,"href":"https:\/\/golfzeichen.de\/en\/wp-json\/wp\/v2\/pages\/147\/revisions\/1442"}],"up":[{"embeddable":true,"href":"https:\/\/golfzeichen.de\/en\/wp-json\/wp\/v2\/pages\/12"}],"wp:attachment":[{"href":"https:\/\/golfzeichen.de\/en\/wp-json\/wp\/v2\/media?parent=147"}],"curies":[{"name":"wp","href":"https:\/\/api.w.org\/{rel}","templated":true}]}}