{"id":146,"date":"2021-03-03T13:12:18","date_gmt":"2021-03-03T13:12:18","guid":{"rendered":"https:\/\/golfzeichen.de\/?page_id=146"},"modified":"2021-04-26T19:38:07","modified_gmt":"2021-04-26T19:38:07","slug":"pokale-aus-metall-mit-logo","status":"publish","type":"page","link":"https:\/\/golfzeichen.de\/en\/produkte\/pokale-aus-metall-mit-logo\/","title":{"rendered":"Trophies"},"content":{"rendered":"<div class=\"wp-block-columns is-layout-flex wp-container-core-columns-is-layout-28f84493 wp-block-columns-is-layout-flex\">\n<div class=\"wp-block-column is-layout-flow wp-block-column-is-layout-flow\">\n<p><strong>Customised metal trophies with a logo for your golf tournaments.<\/strong><\/p>\n\n\n\n<p>All outstanding achievements deserve recognition, such as \u201cnearest to the pin\u201d, \u201clongest drive\u201d, \u201cfirst place\u201d and \u201csecond place\u201d. The best way to do that is with a unique <a href=\"https:\/\/golfzeichen.de\/en\/produkte\/pokale-aus-metall-mit-logo\/\">trophy<\/a>.<\/p>\n\n\n\n<p>As our trophies are custom-made, their motif, shape, colour and size can be tailored to your event and golf club.<\/p>\n<\/div>\n\n\n\n<div class=\"wp-block-column is-layout-flow wp-block-column-is-layout-flow\">\n<p>The winners will remember their big day for a long time, hold their special trophy in high regard and associate it with your event and golf course.<\/p>\n\n\n\n<p>As all our trophies are made of stainless or coated steel, <a href=\"http:\/\/www.rt-lasertechnik.de\" target=\"_blank\" rel=\"noreferrer noopener\">gefertigt<\/a> exhibited not only in a showcase, but also outdoors.<\/p>\n<\/div>\n<\/div>","protected":false},"excerpt":{"rendered":"<p>Individualisierte Pokale aus mit Metall mit Logo f\u00fcr Ihre Golftuniere. Egal ob \u201enearest to the pin\u201c, \u201elongest drive\u201c, \u201e1. brutto\u201c oder \u201e2. netto\u201c \u2013 jede herausragende Leistung sollte gew\u00fcrdigt werden. Am besten mit einem einzigartigen Pokal. Die Pokale sind Sonderanfertigungen und k\u00f6nnen im Rahmen von Motiv, Form, Farbe und Gr\u00f6\u00dfe genau auf Ihr Event und [&hellip;]<\/p>","protected":false},"author":1,"featured_media":0,"parent":12,"menu_order":0,"comment_status":"closed","ping_status":"closed","template":"elementor_theme","meta":{"_acf_changed":false,"footnotes":""},"class_list":["post-146","page","type-page","status-publish","hentry"],"acf":[],"yoast_head":"<!-- This site is optimized with the Yoast SEO plugin v25.5 - https:\/\/yoast.com\/wordpress\/plugins\/seo\/ -->\n<title>Pokale aus Metall mit Logo f\u00fcr Turniere auf Golfpl\u00e4tzen | Golfzeichen<\/title>\n<meta name=\"description\" content=\"Einzigartige Pokale aus Metall mit Logo f\u00fcr Turniere auf Golfpl\u00e4tzen | Individuell angefertigte Troph\u00e4en f\u00fcr Ihren Golfclub | Golfzeichen\" \/>\n<meta name=\"robots\" content=\"index, follow, max-snippet:-1, max-image-preview:large, max-video-preview:-1\" \/>\n<link rel=\"canonical\" href=\"https:\/\/golfzeichen.de\/en\/produkte\/pokale-aus-metall-mit-logo\/\" \/>\n<meta property=\"og:locale\" content=\"en_GB\" \/>\n<meta property=\"og:type\" content=\"article\" \/>\n<meta property=\"og:title\" content=\"Pokale aus Metall mit Logo f\u00fcr Turniere auf Golfpl\u00e4tzen | Golfzeichen\" \/>\n<meta property=\"og:description\" content=\"Einzigartige Pokale aus Metall mit Logo f\u00fcr Turniere auf Golfpl\u00e4tzen | Individuell angefertigte Troph\u00e4en f\u00fcr Ihren Golfclub | Golfzeichen\" \/>\n<meta property=\"og:url\" content=\"https:\/\/golfzeichen.de\/en\/produkte\/pokale-aus-metall-mit-logo\/\" \/>\n<meta property=\"og:site_name\" content=\"Golfzeichen\" \/>\n<meta property=\"article:modified_time\" content=\"2021-04-26T19:38:07+00:00\" \/>\n<meta property=\"og:image\" content=\"https:\/\/golfzeichen.de\/wp-content\/uploads\/2021\/03\/golfzeichen-header.jpg\" \/>\n\t<meta property=\"og:image:width\" content=\"1740\" \/>\n\t<meta property=\"og:image:height\" content=\"580\" \/>\n\t<meta property=\"og:image:type\" content=\"image\/jpeg\" \/>\n<meta name=\"twitter:card\" content=\"summary_large_image\" \/>\n<meta name=\"twitter:label1\" content=\"Estimated reading time\" \/>\n\t<meta name=\"twitter:data1\" content=\"1 minute\" \/>\n<script type=\"application\/ld+json\" class=\"yoast-schema-graph\">{\"@context\":\"https:\/\/schema.org\",\"@graph\":[{\"@type\":\"WebPage\",\"@id\":\"https:\/\/golfzeichen.de\/produkte\/pokale-aus-metall-mit-logo\/\",\"url\":\"https:\/\/golfzeichen.de\/produkte\/pokale-aus-metall-mit-logo\/\",\"name\":\"Pokale aus Metall mit Logo f\u00fcr Turniere auf Golfpl\u00e4tzen | Golfzeichen\",\"isPartOf\":{\"@id\":\"https:\/\/golfzeichen.de\/#website\"},\"datePublished\":\"2021-03-03T13:12:18+00:00\",\"dateModified\":\"2021-04-26T19:38:07+00:00\",\"description\":\"Einzigartige Pokale aus Metall mit Logo f\u00fcr Turniere auf Golfpl\u00e4tzen | Individuell angefertigte Troph\u00e4en f\u00fcr Ihren Golfclub | Golfzeichen\",\"breadcrumb\":{\"@id\":\"https:\/\/golfzeichen.de\/produkte\/pokale-aus-metall-mit-logo\/#breadcrumb\"},\"inLanguage\":\"en-GB\",\"potentialAction\":[{\"@type\":\"ReadAction\",\"target\":[\"https:\/\/golfzeichen.de\/produkte\/pokale-aus-metall-mit-logo\/\"]}]},{\"@type\":\"BreadcrumbList\",\"@id\":\"https:\/\/golfzeichen.de\/produkte\/pokale-aus-metall-mit-logo\/#breadcrumb\",\"itemListElement\":[{\"@type\":\"ListItem\",\"position\":1,\"name\":\"Startseite\",\"item\":\"https:\/\/golfzeichen.de\/\"},{\"@type\":\"ListItem\",\"position\":2,\"name\":\"Produkte\",\"item\":\"https:\/\/golfzeichen.de\/produkte\/\"},{\"@type\":\"ListItem\",\"position\":3,\"name\":\"Pokale\"}]},{\"@type\":\"WebSite\",\"@id\":\"https:\/\/golfzeichen.de\/#website\",\"url\":\"https:\/\/golfzeichen.de\/\",\"name\":\"Golfzeichen\",\"description\":\"So einzigartig und individuell wie Ihr Golfclub!\",\"publisher\":{\"@id\":\"https:\/\/golfzeichen.de\/#organization\"},\"potentialAction\":[{\"@type\":\"SearchAction\",\"target\":{\"@type\":\"EntryPoint\",\"urlTemplate\":\"https:\/\/golfzeichen.de\/?s={search_term_string}\"},\"query-input\":{\"@type\":\"PropertyValueSpecification\",\"valueRequired\":true,\"valueName\":\"search_term_string\"}}],\"inLanguage\":\"en-GB\"},{\"@type\":\"Organization\",\"@id\":\"https:\/\/golfzeichen.de\/#organization\",\"name\":\"Golfzeichen\",\"url\":\"https:\/\/golfzeichen.de\/\",\"logo\":{\"@type\":\"ImageObject\",\"inLanguage\":\"en-GB\",\"@id\":\"https:\/\/golfzeichen.de\/#\/schema\/logo\/image\/\",\"url\":\"https:\/\/golfzeichen.de\/wp-content\/uploads\/2021\/03\/Golfzeichen.png\",\"contentUrl\":\"https:\/\/golfzeichen.de\/wp-content\/uploads\/2021\/03\/Golfzeichen.png\",\"width\":342,\"height\":142,\"caption\":\"Golfzeichen\"},\"image\":{\"@id\":\"https:\/\/golfzeichen.de\/#\/schema\/logo\/image\/\"}}]}<\/script>\n<!-- \/ Yoast SEO plugin. -->","yoast_head_json":{"title":"Pokale aus Metall mit Logo f\u00fcr Turniere auf Golfpl\u00e4tzen | Golfzeichen","description":"Einzigartige Pokale aus Metall mit Logo f\u00fcr Turniere auf Golfpl\u00e4tzen | Individuell angefertigte Troph\u00e4en f\u00fcr Ihren Golfclub | Golfzeichen","robots":{"index":"index","follow":"follow","max-snippet":"max-snippet:-1","max-image-preview":"max-image-preview:large","max-video-preview":"max-video-preview:-1"},"canonical":"https:\/\/golfzeichen.de\/en\/produkte\/pokale-aus-metall-mit-logo\/","og_locale":"en_GB","og_type":"article","og_title":"Pokale aus Metall mit Logo f\u00fcr Turniere auf Golfpl\u00e4tzen | Golfzeichen","og_description":"Einzigartige Pokale aus Metall mit Logo f\u00fcr Turniere auf Golfpl\u00e4tzen | Individuell angefertigte Troph\u00e4en f\u00fcr Ihren Golfclub | Golfzeichen","og_url":"https:\/\/golfzeichen.de\/en\/produkte\/pokale-aus-metall-mit-logo\/","og_site_name":"Golfzeichen","article_modified_time":"2021-04-26T19:38:07+00:00","og_image":[{"width":1740,"height":580,"url":"https:\/\/golfzeichen.de\/wp-content\/uploads\/2021\/03\/golfzeichen-header.jpg","type":"image\/jpeg"}],"twitter_card":"summary_large_image","twitter_misc":{"Estimated reading time":"1 minute"},"schema":{"@context":"https:\/\/schema.org","@graph":[{"@type":"WebPage","@id":"https:\/\/golfzeichen.de\/produkte\/pokale-aus-metall-mit-logo\/","url":"https:\/\/golfzeichen.de\/produkte\/pokale-aus-metall-mit-logo\/","name":"Pokale aus Metall mit Logo f\u00fcr Turniere auf Golfpl\u00e4tzen | Golfzeichen","isPartOf":{"@id":"https:\/\/golfzeichen.de\/#website"},"datePublished":"2021-03-03T13:12:18+00:00","dateModified":"2021-04-26T19:38:07+00:00","description":"Einzigartige Pokale aus Metall mit Logo f\u00fcr Turniere auf Golfpl\u00e4tzen | Individuell angefertigte Troph\u00e4en f\u00fcr Ihren Golfclub | Golfzeichen","breadcrumb":{"@id":"https:\/\/golfzeichen.de\/produkte\/pokale-aus-metall-mit-logo\/#breadcrumb"},"inLanguage":"en-GB","potentialAction":[{"@type":"ReadAction","target":["https:\/\/golfzeichen.de\/produkte\/pokale-aus-metall-mit-logo\/"]}]},{"@type":"BreadcrumbList","@id":"https:\/\/golfzeichen.de\/produkte\/pokale-aus-metall-mit-logo\/#breadcrumb","itemListElement":[{"@type":"ListItem","position":1,"name":"Startseite","item":"https:\/\/golfzeichen.de\/"},{"@type":"ListItem","position":2,"name":"Produkte","item":"https:\/\/golfzeichen.de\/produkte\/"},{"@type":"ListItem","position":3,"name":"Pokale"}]},{"@type":"WebSite","@id":"https:\/\/golfzeichen.de\/#website","url":"https:\/\/golfzeichen.de\/","name":"Golfzeichen","description":"So einzigartig und individuell wie Ihr Golfclub!","publisher":{"@id":"https:\/\/golfzeichen.de\/#organization"},"potentialAction":[{"@type":"SearchAction","target":{"@type":"EntryPoint","urlTemplate":"https:\/\/golfzeichen.de\/?s={search_term_string}"},"query-input":{"@type":"PropertyValueSpecification","valueRequired":true,"valueName":"search_term_string"}}],"inLanguage":"en-GB"},{"@type":"Organization","@id":"https:\/\/golfzeichen.de\/#organization","name":"Golfzeichen","url":"https:\/\/golfzeichen.de\/","logo":{"@type":"ImageObject","inLanguage":"en-GB","@id":"https:\/\/golfzeichen.de\/#\/schema\/logo\/image\/","url":"https:\/\/golfzeichen.de\/wp-content\/uploads\/2021\/03\/Golfzeichen.png","contentUrl":"https:\/\/golfzeichen.de\/wp-content\/uploads\/2021\/03\/Golfzeichen.png","width":342,"height":142,"caption":"Golfzeichen"},"image":{"@id":"https:\/\/golfzeichen.de\/#\/schema\/logo\/image\/"}}]}},"_links":{"self":[{"href":"https:\/\/golfzeichen.de\/en\/wp-json\/wp\/v2\/pages\/146","targetHints":{"allow":["GET"]}}],"collection":[{"href":"https:\/\/golfzeichen.de\/en\/wp-json\/wp\/v2\/pages"}],"about":[{"href":"https:\/\/golfzeichen.de\/en\/wp-json\/wp\/v2\/types\/page"}],"author":[{"embeddable":true,"href":"https:\/\/golfzeichen.de\/en\/wp-json\/wp\/v2\/users\/1"}],"replies":[{"embeddable":true,"href":"https:\/\/golfzeichen.de\/en\/wp-json\/wp\/v2\/comments?post=146"}],"version-history":[{"count":13,"href":"https:\/\/golfzeichen.de\/en\/wp-json\/wp\/v2\/pages\/146\/revisions"}],"predecessor-version":[{"id":1437,"href":"https:\/\/golfzeichen.de\/en\/wp-json\/wp\/v2\/pages\/146\/revisions\/1437"}],"up":[{"embeddable":true,"href":"https:\/\/golfzeichen.de\/en\/wp-json\/wp\/v2\/pages\/12"}],"wp:attachment":[{"href":"https:\/\/golfzeichen.de\/en\/wp-json\/wp\/v2\/media?parent=146"}],"curies":[{"name":"wp","href":"https:\/\/api.w.org\/{rel}","templated":true}]}}