{"id":13,"date":"2021-03-02T14:08:55","date_gmt":"2021-03-02T14:08:55","guid":{"rendered":"https:\/\/golfzeichen.de\/?page_id=13"},"modified":"2021-04-23T09:38:59","modified_gmt":"2021-04-23T09:38:59","slug":"impressum","status":"publish","type":"page","link":"https:\/\/golfzeichen.de\/en\/impressum\/","title":{"rendered":"Legal notice"},"content":{"rendered":"<figure class=\"wp-block-image is-resized\" id=\"block-9b94f997-8e80-49ca-bacf-0e61a6a315c3\"><img decoding=\"async\" src=\"https:\/\/golfzeichen.de\/wp-content\/uploads\/2021\/03\/Golfzeichen.png\" alt=\"Dieses Bild hat ein leeres Alt-Attribut. Der Dateiname ist Golfzeichen.png\" width=\"300\"\/><\/figure>\n\n\n\n<h3 class=\"wp-block-heading\">A project run by RT-Lasertechnik GmbH, D-33378 Rheda-Wiedenbr\u00fcck <\/h3>\n\n\n\n<div style=\"height:55px\" aria-hidden=\"true\" class=\"wp-block-spacer\"><\/div>\n\n\n\n<div class=\"wp-block-columns is-layout-flex wp-container-core-columns-is-layout-28f84493 wp-block-columns-is-layout-flex\">\n<div class=\"wp-block-column is-layout-flow wp-block-column-is-layout-flow\">\n<p><strong>RT-Lasertechnik GmbH:<\/strong><br><a href=\"tel:+492522920390\">Telefon: +49 (0) 2522 \/ 92039-0<\/a><br><a href=\"mailto:info@rt-lasertechnik.de\">E-Mail RT-Lasertechnik: info@rt-lasertechnik.de<\/a><br><a href=\"http:\/\/www.rt-lasertechnik.de\/\">Web RT-Lasertechnik: www.rt-lasertechnik.de<\/a><\/p>\n<\/div>\n\n\n\n<div class=\"wp-block-column is-layout-flow wp-block-column-is-layout-flow\">\n<p><strong>Golfzeichen:<\/strong><br><a href=\"tel:+492522920390\">Telefon: +49 (0) 2522 \/ 92039-0<\/a><br><a href=\"mailto:info@golfzeichen.de\">E-Mail Golfzeichen: info@golfzeichen.de<\/a><br><a href=\"https:\/\/golfzeichen.de\/en\/\">Web Golfzeichen: www.golfzeichen.de<\/a><\/p>\n<\/div>\n<\/div>\n\n\n\n<p>Tax No.: 351\/5766\/0325<br>VAT ID No.: DE 222274168<\/p>\n\n\n\n<p>Managing Director: Roland Streubel<\/p>\n\n\n\n<p>Registry Court: District Court of G\u00fctersloh<br>Register Number: HRB 4468<br>Registered Office: Rheda-Wiedenbr\u00fcck<\/p>\n\n\n\n<p>Responsible for content pursuant to Section 10 (3) of the German Interstate Treaty on Media Services (MDStV):<br>Roland Streubel<\/p>\n\n\n\n<p><br>Disclaimer: Despite carrying out careful checks, we assume no liability for the content of external links. The operators of the linked pages are solely responsible for their content.<\/p>","protected":false},"excerpt":{"rendered":"<p>Projekt der RT-Lasertechnik GmbH,&nbsp;33378 Rheda-Wiedenbr\u00fcck Kontakt RT-Lasertechnik GmbH:Telefon: +49 (0) 2522 \/ 92039-0E-Mail RT-Lasertechnik: info@rt-lasertechnik.deWeb RT-Lasertechnik: www.rt-lasertechnik.de Kontakt Golfzeichen:Telefon: +49 (0) 2522 \/ 92039-0E-Mail Golfzeichen: info@golfzeichen.deWeb Golfzeichen: www.golfzeichen.de Steuer-Nr.: 351\/5766\/0325UST-IdNr.: DE 222274168 Gesch\u00e4ftsf\u00fchrer:&nbsp;Roland Streubel Registergericht: Amtsgericht G\u00fcterslohRegisternummer: HRB 4468Sitz der Gesellschaft: Rheda-Wiedenbr\u00fcck Inhaltlich Verantwortlicher gem\u00e4\u00df \u00a7 10 Absatz 3 MDStV:Roland Streubel Haftungshinweis: Trotz sorgf\u00e4ltiger inhaltlicher [&hellip;]<\/p>","protected":false},"author":1,"featured_media":0,"parent":0,"menu_order":0,"comment_status":"closed","ping_status":"closed","template":"","meta":{"_acf_changed":false,"footnotes":""},"class_list":["post-13","page","type-page","status-publish","hentry"],"acf":[],"yoast_head":"<!-- This site is optimized with the Yoast SEO plugin v25.5 - https:\/\/yoast.com\/wordpress\/plugins\/seo\/ -->\n<title>Impressum | Golfzeichen<\/title>\n<meta name=\"description\" content=\"Impressum | Golfzeichen |\" \/>\n<meta name=\"robots\" content=\"index, follow, max-snippet:-1, max-image-preview:large, max-video-preview:-1\" \/>\n<link rel=\"canonical\" href=\"https:\/\/golfzeichen.de\/en\/impressum\/\" \/>\n<meta property=\"og:locale\" content=\"en_GB\" \/>\n<meta property=\"og:type\" content=\"article\" \/>\n<meta property=\"og:title\" content=\"Impressum | Golfzeichen\" \/>\n<meta property=\"og:description\" content=\"Impressum | Golfzeichen |\" \/>\n<meta property=\"og:url\" content=\"https:\/\/golfzeichen.de\/en\/impressum\/\" \/>\n<meta property=\"og:site_name\" content=\"Golfzeichen\" \/>\n<meta property=\"article:modified_time\" content=\"2021-04-23T09:38:59+00:00\" \/>\n<meta property=\"og:image\" content=\"https:\/\/golfzeichen.de\/wp-content\/uploads\/2021\/03\/Golfzeichen.png\" \/>\n<meta name=\"twitter:card\" content=\"summary_large_image\" \/>\n<script type=\"application\/ld+json\" class=\"yoast-schema-graph\">{\"@context\":\"https:\/\/schema.org\",\"@graph\":[{\"@type\":\"WebPage\",\"@id\":\"https:\/\/golfzeichen.de\/impressum\/\",\"url\":\"https:\/\/golfzeichen.de\/impressum\/\",\"name\":\"Impressum | Golfzeichen\",\"isPartOf\":{\"@id\":\"https:\/\/golfzeichen.de\/#website\"},\"primaryImageOfPage\":{\"@id\":\"https:\/\/golfzeichen.de\/impressum\/#primaryimage\"},\"image\":{\"@id\":\"https:\/\/golfzeichen.de\/impressum\/#primaryimage\"},\"thumbnailUrl\":\"https:\/\/golfzeichen.de\/wp-content\/uploads\/2021\/03\/Golfzeichen.png\",\"datePublished\":\"2021-03-02T14:08:55+00:00\",\"dateModified\":\"2021-04-23T09:38:59+00:00\",\"description\":\"Impressum | Golfzeichen |\",\"breadcrumb\":{\"@id\":\"https:\/\/golfzeichen.de\/impressum\/#breadcrumb\"},\"inLanguage\":\"en-GB\",\"potentialAction\":[{\"@type\":\"ReadAction\",\"target\":[\"https:\/\/golfzeichen.de\/impressum\/\"]}]},{\"@type\":\"ImageObject\",\"inLanguage\":\"en-GB\",\"@id\":\"https:\/\/golfzeichen.de\/impressum\/#primaryimage\",\"url\":\"https:\/\/golfzeichen.de\/wp-content\/uploads\/2021\/03\/Golfzeichen.png\",\"contentUrl\":\"https:\/\/golfzeichen.de\/wp-content\/uploads\/2021\/03\/Golfzeichen.png\"},{\"@type\":\"BreadcrumbList\",\"@id\":\"https:\/\/golfzeichen.de\/impressum\/#breadcrumb\",\"itemListElement\":[{\"@type\":\"ListItem\",\"position\":1,\"name\":\"Startseite\",\"item\":\"https:\/\/golfzeichen.de\/\"},{\"@type\":\"ListItem\",\"position\":2,\"name\":\"Impressum\"}]},{\"@type\":\"WebSite\",\"@id\":\"https:\/\/golfzeichen.de\/#website\",\"url\":\"https:\/\/golfzeichen.de\/\",\"name\":\"Golfzeichen\",\"description\":\"So einzigartig und individuell wie Ihr Golfclub!\",\"publisher\":{\"@id\":\"https:\/\/golfzeichen.de\/#organization\"},\"potentialAction\":[{\"@type\":\"SearchAction\",\"target\":{\"@type\":\"EntryPoint\",\"urlTemplate\":\"https:\/\/golfzeichen.de\/?s={search_term_string}\"},\"query-input\":{\"@type\":\"PropertyValueSpecification\",\"valueRequired\":true,\"valueName\":\"search_term_string\"}}],\"inLanguage\":\"en-GB\"},{\"@type\":\"Organization\",\"@id\":\"https:\/\/golfzeichen.de\/#organization\",\"name\":\"Golfzeichen\",\"url\":\"https:\/\/golfzeichen.de\/\",\"logo\":{\"@type\":\"ImageObject\",\"inLanguage\":\"en-GB\",\"@id\":\"https:\/\/golfzeichen.de\/#\/schema\/logo\/image\/\",\"url\":\"https:\/\/golfzeichen.de\/wp-content\/uploads\/2021\/03\/Golfzeichen.png\",\"contentUrl\":\"https:\/\/golfzeichen.de\/wp-content\/uploads\/2021\/03\/Golfzeichen.png\",\"width\":342,\"height\":142,\"caption\":\"Golfzeichen\"},\"image\":{\"@id\":\"https:\/\/golfzeichen.de\/#\/schema\/logo\/image\/\"}}]}<\/script>\n<!-- \/ Yoast SEO plugin. -->","yoast_head_json":{"title":"Impressum | Golfzeichen","description":"Impressum | Golfzeichen |","robots":{"index":"index","follow":"follow","max-snippet":"max-snippet:-1","max-image-preview":"max-image-preview:large","max-video-preview":"max-video-preview:-1"},"canonical":"https:\/\/golfzeichen.de\/en\/impressum\/","og_locale":"en_GB","og_type":"article","og_title":"Impressum | Golfzeichen","og_description":"Impressum | Golfzeichen |","og_url":"https:\/\/golfzeichen.de\/en\/impressum\/","og_site_name":"Golfzeichen","article_modified_time":"2021-04-23T09:38:59+00:00","og_image":[{"url":"https:\/\/golfzeichen.de\/wp-content\/uploads\/2021\/03\/Golfzeichen.png","type":"","width":"","height":""}],"twitter_card":"summary_large_image","schema":{"@context":"https:\/\/schema.org","@graph":[{"@type":"WebPage","@id":"https:\/\/golfzeichen.de\/impressum\/","url":"https:\/\/golfzeichen.de\/impressum\/","name":"Impressum | Golfzeichen","isPartOf":{"@id":"https:\/\/golfzeichen.de\/#website"},"primaryImageOfPage":{"@id":"https:\/\/golfzeichen.de\/impressum\/#primaryimage"},"image":{"@id":"https:\/\/golfzeichen.de\/impressum\/#primaryimage"},"thumbnailUrl":"https:\/\/golfzeichen.de\/wp-content\/uploads\/2021\/03\/Golfzeichen.png","datePublished":"2021-03-02T14:08:55+00:00","dateModified":"2021-04-23T09:38:59+00:00","description":"Impressum | Golfzeichen |","breadcrumb":{"@id":"https:\/\/golfzeichen.de\/impressum\/#breadcrumb"},"inLanguage":"en-GB","potentialAction":[{"@type":"ReadAction","target":["https:\/\/golfzeichen.de\/impressum\/"]}]},{"@type":"ImageObject","inLanguage":"en-GB","@id":"https:\/\/golfzeichen.de\/impressum\/#primaryimage","url":"https:\/\/golfzeichen.de\/wp-content\/uploads\/2021\/03\/Golfzeichen.png","contentUrl":"https:\/\/golfzeichen.de\/wp-content\/uploads\/2021\/03\/Golfzeichen.png"},{"@type":"BreadcrumbList","@id":"https:\/\/golfzeichen.de\/impressum\/#breadcrumb","itemListElement":[{"@type":"ListItem","position":1,"name":"Startseite","item":"https:\/\/golfzeichen.de\/"},{"@type":"ListItem","position":2,"name":"Impressum"}]},{"@type":"WebSite","@id":"https:\/\/golfzeichen.de\/#website","url":"https:\/\/golfzeichen.de\/","name":"Golfzeichen","description":"So einzigartig und individuell wie Ihr Golfclub!","publisher":{"@id":"https:\/\/golfzeichen.de\/#organization"},"potentialAction":[{"@type":"SearchAction","target":{"@type":"EntryPoint","urlTemplate":"https:\/\/golfzeichen.de\/?s={search_term_string}"},"query-input":{"@type":"PropertyValueSpecification","valueRequired":true,"valueName":"search_term_string"}}],"inLanguage":"en-GB"},{"@type":"Organization","@id":"https:\/\/golfzeichen.de\/#organization","name":"Golfzeichen","url":"https:\/\/golfzeichen.de\/","logo":{"@type":"ImageObject","inLanguage":"en-GB","@id":"https:\/\/golfzeichen.de\/#\/schema\/logo\/image\/","url":"https:\/\/golfzeichen.de\/wp-content\/uploads\/2021\/03\/Golfzeichen.png","contentUrl":"https:\/\/golfzeichen.de\/wp-content\/uploads\/2021\/03\/Golfzeichen.png","width":342,"height":142,"caption":"Golfzeichen"},"image":{"@id":"https:\/\/golfzeichen.de\/#\/schema\/logo\/image\/"}}]}},"_links":{"self":[{"href":"https:\/\/golfzeichen.de\/en\/wp-json\/wp\/v2\/pages\/13","targetHints":{"allow":["GET"]}}],"collection":[{"href":"https:\/\/golfzeichen.de\/en\/wp-json\/wp\/v2\/pages"}],"about":[{"href":"https:\/\/golfzeichen.de\/en\/wp-json\/wp\/v2\/types\/page"}],"author":[{"embeddable":true,"href":"https:\/\/golfzeichen.de\/en\/wp-json\/wp\/v2\/users\/1"}],"replies":[{"embeddable":true,"href":"https:\/\/golfzeichen.de\/en\/wp-json\/wp\/v2\/comments?post=13"}],"version-history":[{"count":8,"href":"https:\/\/golfzeichen.de\/en\/wp-json\/wp\/v2\/pages\/13\/revisions"}],"predecessor-version":[{"id":1259,"href":"https:\/\/golfzeichen.de\/en\/wp-json\/wp\/v2\/pages\/13\/revisions\/1259"}],"wp:attachment":[{"href":"https:\/\/golfzeichen.de\/en\/wp-json\/wp\/v2\/media?parent=13"}],"curies":[{"name":"wp","href":"https:\/\/api.w.org\/{rel}","templated":true}]}}