{"id":11,"date":"2021-03-02T14:08:55","date_gmt":"2021-03-02T14:08:55","guid":{"rendered":"https:\/\/golfzeichen.de\/?page_id=11"},"modified":"2021-04-26T20:13:54","modified_gmt":"2021-04-26T20:13:54","slug":"golfzeichen-steht-fuer-hochwertige-produkte","status":"publish","type":"page","link":"https:\/\/golfzeichen.de\/en\/golfzeichen-steht-fuer-hochwertige-produkte\/","title":{"rendered":"About us"},"content":{"rendered":"<div class=\"wp-block-columns is-layout-flex wp-container-core-columns-is-layout-28f84493 wp-block-columns-is-layout-flex\">\n<div class=\"wp-block-column is-layout-flow wp-block-column-is-layout-flow\">\n<p>The \u201cGolfzeichen\u201d project is coordinated and implemented with and by <a href=\"http:\/\/www.rt-lasertechnik.de\" target=\"_blank\" rel=\"noreferrer noopener\">RT-Lasertechnik GmbH<\/a> in Rheda-Wiedenbr\u00fcck.<\/p>\n\n\n\n<p>The services provided by <a href=\"http:\/\/www.rt-lasertechnik.de\" target=\"_blank\" rel=\"noreferrer noopener\">RT-Lasertechnik GmbH<\/a> include lasering, edging, welding and machining, as well as the mechanical processing and finishing of surfaces. Customers can request special assembly processes and welded components to meet their needs.<\/p>\n<\/div>\n\n\n\n<div class=\"wp-block-column is-layout-flow wp-block-column-is-layout-flow\">\n<p>This is where unique and customised products are designed, manufactured and shipped.&nbsp;<\/p>\n\n\n\n<p><a href=\"https:\/\/golfzeichen.de\/en\/\">Golfzeichen<\/a> is defined by high-quality products that are made in Germany. Never again will you spend several months waiting around for your products \u2013 and you don\u2019t have to worry about defective goods. We turn customisation into a high-quality and simple process. Make the most of our unique products and premium terms and conditions \u2013 straight from the manufacturer.<\/p>\n<\/div>\n<\/div>","protected":false},"excerpt":{"rendered":"<p>Das Projekt Golfzeichen wird mit und von der RT-Lasertechnik GmbH aus Rheda-Wiedenbr\u00fcck koordiniert und umgesetzt. Die Dienstleistungen der RT-Lasertechnik GmbH umfassen Lasern, Kanten, Schwei\u00dfen und Zerspanen sowie mechanische Anarbeitung und Veredelung von Oberfl\u00e4chen. Auf Kundenwunsch werden individuelle Montageprozesse geplant sowie Schwei\u00dfbaugruppen gefertigt. Hier werden die einzigartigen und individualisierten Produkte gestaltet, gefertigt und versendet.&nbsp; Golfzeichen steht [&hellip;]<\/p>","protected":false},"author":1,"featured_media":663,"parent":0,"menu_order":0,"comment_status":"closed","ping_status":"closed","template":"","meta":{"_acf_changed":false,"footnotes":""},"class_list":["post-11","page","type-page","status-publish","has-post-thumbnail","hentry"],"acf":[],"yoast_head":"<!-- This site is optimized with the Yoast SEO plugin v25.5 - https:\/\/yoast.com\/wordpress\/plugins\/seo\/ -->\n<title>Golfzeichen steht f\u00fcr hochwertige Produkte &quot;Made in Germany&quot; | \u00dcber uns |<\/title>\n<meta name=\"description\" content=\"Einzigartige und individuelle Designs aus Metall f\u00fcr Ihren Golfplatz und Ihren Golfclub. Golfzeichen steht f\u00fcr hochwertige Produkte.\" \/>\n<meta name=\"robots\" content=\"index, follow, max-snippet:-1, max-image-preview:large, max-video-preview:-1\" \/>\n<link rel=\"canonical\" href=\"https:\/\/golfzeichen.de\/en\/golfzeichen-steht-fuer-hochwertige-produkte\/\" \/>\n<meta property=\"og:locale\" content=\"en_GB\" \/>\n<meta property=\"og:type\" content=\"article\" \/>\n<meta property=\"og:title\" content=\"Golfzeichen steht f\u00fcr hochwertige Produkte &quot;Made in Germany&quot; | \u00dcber uns |\" \/>\n<meta property=\"og:description\" content=\"Einzigartige und individuelle Designs aus Metall f\u00fcr Ihren Golfplatz und Ihren Golfclub. Golfzeichen steht f\u00fcr hochwertige Produkte.\" \/>\n<meta property=\"og:url\" content=\"https:\/\/golfzeichen.de\/en\/golfzeichen-steht-fuer-hochwertige-produkte\/\" \/>\n<meta property=\"og:site_name\" content=\"Golfzeichen\" \/>\n<meta property=\"article:modified_time\" content=\"2021-04-26T20:13:54+00:00\" \/>\n<meta property=\"og:image\" content=\"https:\/\/golfzeichen.de\/wp-content\/uploads\/2021\/03\/Golfzeichen-RT-Lasertechnik-Halle_RET-768x512.jpg\" \/>\n\t<meta property=\"og:image:width\" content=\"768\" \/>\n\t<meta property=\"og:image:height\" content=\"512\" \/>\n\t<meta property=\"og:image:type\" content=\"image\/jpeg\" \/>\n<meta name=\"twitter:card\" content=\"summary_large_image\" \/>\n<meta name=\"twitter:label1\" content=\"Estimated reading time\" \/>\n\t<meta name=\"twitter:data1\" content=\"1 minute\" \/>\n<script type=\"application\/ld+json\" class=\"yoast-schema-graph\">{\"@context\":\"https:\/\/schema.org\",\"@graph\":[{\"@type\":\"WebPage\",\"@id\":\"https:\/\/golfzeichen.de\/golfzeichen-steht-fuer-hochwertige-produkte\/\",\"url\":\"https:\/\/golfzeichen.de\/golfzeichen-steht-fuer-hochwertige-produkte\/\",\"name\":\"Golfzeichen steht f\u00fcr hochwertige Produkte \\\"Made in Germany\\\" | \u00dcber uns |\",\"isPartOf\":{\"@id\":\"https:\/\/golfzeichen.de\/#website\"},\"primaryImageOfPage\":{\"@id\":\"https:\/\/golfzeichen.de\/golfzeichen-steht-fuer-hochwertige-produkte\/#primaryimage\"},\"image\":{\"@id\":\"https:\/\/golfzeichen.de\/golfzeichen-steht-fuer-hochwertige-produkte\/#primaryimage\"},\"thumbnailUrl\":\"https:\/\/golfzeichen.de\/wp-content\/uploads\/2021\/03\/Golfzeichen-RT-Lasertechnik-Halle_RET.jpg\",\"datePublished\":\"2021-03-02T14:08:55+00:00\",\"dateModified\":\"2021-04-26T20:13:54+00:00\",\"description\":\"Einzigartige und individuelle Designs aus Metall f\u00fcr Ihren Golfplatz und Ihren Golfclub. Golfzeichen steht f\u00fcr hochwertige Produkte.\",\"breadcrumb\":{\"@id\":\"https:\/\/golfzeichen.de\/golfzeichen-steht-fuer-hochwertige-produkte\/#breadcrumb\"},\"inLanguage\":\"en-GB\",\"potentialAction\":[{\"@type\":\"ReadAction\",\"target\":[\"https:\/\/golfzeichen.de\/golfzeichen-steht-fuer-hochwertige-produkte\/\"]}]},{\"@type\":\"ImageObject\",\"inLanguage\":\"en-GB\",\"@id\":\"https:\/\/golfzeichen.de\/golfzeichen-steht-fuer-hochwertige-produkte\/#primaryimage\",\"url\":\"https:\/\/golfzeichen.de\/wp-content\/uploads\/2021\/03\/Golfzeichen-RT-Lasertechnik-Halle_RET.jpg\",\"contentUrl\":\"https:\/\/golfzeichen.de\/wp-content\/uploads\/2021\/03\/Golfzeichen-RT-Lasertechnik-Halle_RET.jpg\",\"width\":1440,\"height\":960},{\"@type\":\"BreadcrumbList\",\"@id\":\"https:\/\/golfzeichen.de\/golfzeichen-steht-fuer-hochwertige-produkte\/#breadcrumb\",\"itemListElement\":[{\"@type\":\"ListItem\",\"position\":1,\"name\":\"Startseite\",\"item\":\"https:\/\/golfzeichen.de\/\"},{\"@type\":\"ListItem\",\"position\":2,\"name\":\"\u00dcber uns\"}]},{\"@type\":\"WebSite\",\"@id\":\"https:\/\/golfzeichen.de\/#website\",\"url\":\"https:\/\/golfzeichen.de\/\",\"name\":\"Golfzeichen\",\"description\":\"So einzigartig und individuell wie Ihr Golfclub!\",\"publisher\":{\"@id\":\"https:\/\/golfzeichen.de\/#organization\"},\"potentialAction\":[{\"@type\":\"SearchAction\",\"target\":{\"@type\":\"EntryPoint\",\"urlTemplate\":\"https:\/\/golfzeichen.de\/?s={search_term_string}\"},\"query-input\":{\"@type\":\"PropertyValueSpecification\",\"valueRequired\":true,\"valueName\":\"search_term_string\"}}],\"inLanguage\":\"en-GB\"},{\"@type\":\"Organization\",\"@id\":\"https:\/\/golfzeichen.de\/#organization\",\"name\":\"Golfzeichen\",\"url\":\"https:\/\/golfzeichen.de\/\",\"logo\":{\"@type\":\"ImageObject\",\"inLanguage\":\"en-GB\",\"@id\":\"https:\/\/golfzeichen.de\/#\/schema\/logo\/image\/\",\"url\":\"https:\/\/golfzeichen.de\/wp-content\/uploads\/2021\/03\/Golfzeichen.png\",\"contentUrl\":\"https:\/\/golfzeichen.de\/wp-content\/uploads\/2021\/03\/Golfzeichen.png\",\"width\":342,\"height\":142,\"caption\":\"Golfzeichen\"},\"image\":{\"@id\":\"https:\/\/golfzeichen.de\/#\/schema\/logo\/image\/\"}}]}<\/script>\n<!-- \/ Yoast SEO plugin. -->","yoast_head_json":{"title":"Golfzeichen steht f\u00fcr hochwertige Produkte \"Made in Germany\" | \u00dcber uns |","description":"Einzigartige und individuelle Designs aus Metall f\u00fcr Ihren Golfplatz und Ihren Golfclub. Golfzeichen steht f\u00fcr hochwertige Produkte.","robots":{"index":"index","follow":"follow","max-snippet":"max-snippet:-1","max-image-preview":"max-image-preview:large","max-video-preview":"max-video-preview:-1"},"canonical":"https:\/\/golfzeichen.de\/en\/golfzeichen-steht-fuer-hochwertige-produkte\/","og_locale":"en_GB","og_type":"article","og_title":"Golfzeichen steht f\u00fcr hochwertige Produkte \"Made in Germany\" | \u00dcber uns |","og_description":"Einzigartige und individuelle Designs aus Metall f\u00fcr Ihren Golfplatz und Ihren Golfclub. Golfzeichen steht f\u00fcr hochwertige Produkte.","og_url":"https:\/\/golfzeichen.de\/en\/golfzeichen-steht-fuer-hochwertige-produkte\/","og_site_name":"Golfzeichen","article_modified_time":"2021-04-26T20:13:54+00:00","og_image":[{"width":768,"height":512,"url":"https:\/\/golfzeichen.de\/wp-content\/uploads\/2021\/03\/Golfzeichen-RT-Lasertechnik-Halle_RET-768x512.jpg","type":"image\/jpeg"}],"twitter_card":"summary_large_image","twitter_misc":{"Estimated reading time":"1 minute"},"schema":{"@context":"https:\/\/schema.org","@graph":[{"@type":"WebPage","@id":"https:\/\/golfzeichen.de\/golfzeichen-steht-fuer-hochwertige-produkte\/","url":"https:\/\/golfzeichen.de\/golfzeichen-steht-fuer-hochwertige-produkte\/","name":"Golfzeichen steht f\u00fcr hochwertige Produkte \"Made in Germany\" | \u00dcber uns |","isPartOf":{"@id":"https:\/\/golfzeichen.de\/#website"},"primaryImageOfPage":{"@id":"https:\/\/golfzeichen.de\/golfzeichen-steht-fuer-hochwertige-produkte\/#primaryimage"},"image":{"@id":"https:\/\/golfzeichen.de\/golfzeichen-steht-fuer-hochwertige-produkte\/#primaryimage"},"thumbnailUrl":"https:\/\/golfzeichen.de\/wp-content\/uploads\/2021\/03\/Golfzeichen-RT-Lasertechnik-Halle_RET.jpg","datePublished":"2021-03-02T14:08:55+00:00","dateModified":"2021-04-26T20:13:54+00:00","description":"Einzigartige und individuelle Designs aus Metall f\u00fcr Ihren Golfplatz und Ihren Golfclub. Golfzeichen steht f\u00fcr hochwertige Produkte.","breadcrumb":{"@id":"https:\/\/golfzeichen.de\/golfzeichen-steht-fuer-hochwertige-produkte\/#breadcrumb"},"inLanguage":"en-GB","potentialAction":[{"@type":"ReadAction","target":["https:\/\/golfzeichen.de\/golfzeichen-steht-fuer-hochwertige-produkte\/"]}]},{"@type":"ImageObject","inLanguage":"en-GB","@id":"https:\/\/golfzeichen.de\/golfzeichen-steht-fuer-hochwertige-produkte\/#primaryimage","url":"https:\/\/golfzeichen.de\/wp-content\/uploads\/2021\/03\/Golfzeichen-RT-Lasertechnik-Halle_RET.jpg","contentUrl":"https:\/\/golfzeichen.de\/wp-content\/uploads\/2021\/03\/Golfzeichen-RT-Lasertechnik-Halle_RET.jpg","width":1440,"height":960},{"@type":"BreadcrumbList","@id":"https:\/\/golfzeichen.de\/golfzeichen-steht-fuer-hochwertige-produkte\/#breadcrumb","itemListElement":[{"@type":"ListItem","position":1,"name":"Startseite","item":"https:\/\/golfzeichen.de\/"},{"@type":"ListItem","position":2,"name":"\u00dcber uns"}]},{"@type":"WebSite","@id":"https:\/\/golfzeichen.de\/#website","url":"https:\/\/golfzeichen.de\/","name":"Golfzeichen","description":"So einzigartig und individuell wie Ihr Golfclub!","publisher":{"@id":"https:\/\/golfzeichen.de\/#organization"},"potentialAction":[{"@type":"SearchAction","target":{"@type":"EntryPoint","urlTemplate":"https:\/\/golfzeichen.de\/?s={search_term_string}"},"query-input":{"@type":"PropertyValueSpecification","valueRequired":true,"valueName":"search_term_string"}}],"inLanguage":"en-GB"},{"@type":"Organization","@id":"https:\/\/golfzeichen.de\/#organization","name":"Golfzeichen","url":"https:\/\/golfzeichen.de\/","logo":{"@type":"ImageObject","inLanguage":"en-GB","@id":"https:\/\/golfzeichen.de\/#\/schema\/logo\/image\/","url":"https:\/\/golfzeichen.de\/wp-content\/uploads\/2021\/03\/Golfzeichen.png","contentUrl":"https:\/\/golfzeichen.de\/wp-content\/uploads\/2021\/03\/Golfzeichen.png","width":342,"height":142,"caption":"Golfzeichen"},"image":{"@id":"https:\/\/golfzeichen.de\/#\/schema\/logo\/image\/"}}]}},"_links":{"self":[{"href":"https:\/\/golfzeichen.de\/en\/wp-json\/wp\/v2\/pages\/11","targetHints":{"allow":["GET"]}}],"collection":[{"href":"https:\/\/golfzeichen.de\/en\/wp-json\/wp\/v2\/pages"}],"about":[{"href":"https:\/\/golfzeichen.de\/en\/wp-json\/wp\/v2\/types\/page"}],"author":[{"embeddable":true,"href":"https:\/\/golfzeichen.de\/en\/wp-json\/wp\/v2\/users\/1"}],"replies":[{"embeddable":true,"href":"https:\/\/golfzeichen.de\/en\/wp-json\/wp\/v2\/comments?post=11"}],"version-history":[{"count":6,"href":"https:\/\/golfzeichen.de\/en\/wp-json\/wp\/v2\/pages\/11\/revisions"}],"predecessor-version":[{"id":1451,"href":"https:\/\/golfzeichen.de\/en\/wp-json\/wp\/v2\/pages\/11\/revisions\/1451"}],"wp:featuredmedia":[{"embeddable":true,"href":"https:\/\/golfzeichen.de\/en\/wp-json\/wp\/v2\/media\/663"}],"wp:attachment":[{"href":"https:\/\/golfzeichen.de\/en\/wp-json\/wp\/v2\/media?parent=11"}],"curies":[{"name":"wp","href":"https:\/\/api.w.org\/{rel}","templated":true}]}}