{"id":1078,"date":"2021-04-20T12:26:26","date_gmt":"2021-04-20T12:26:26","guid":{"rendered":"https:\/\/golfzeichen.de\/?page_id=1078"},"modified":"2021-04-30T08:56:57","modified_gmt":"2021-04-30T08:56:57","slug":"ersatzteile-fuer-golfplaetze-aus-metall","status":"publish","type":"page","link":"https:\/\/golfzeichen.de\/en\/produkte\/ersatzteile-fuer-golfplaetze-aus-metall\/","title":{"rendered":"Spare parts"},"content":{"rendered":"<div class=\"wp-block-columns is-layout-flex wp-container-core-columns-is-layout-28f84493 wp-block-columns-is-layout-flex\">\n<div class=\"wp-block-column is-layout-flow wp-block-column-is-layout-flow\">\n<p><strong>Custom-made metal spare parts for golf courses.<\/strong><\/p>\n\n\n\n<p>Are you looking for a reliable partner to supply spare parts for your greenkeeping? Someone who can manufacture the exact products you have in mind?<\/p>\n\n\n\n<p>We should be the first port of call for your golf course maintenance. <a href=\"https:\/\/golfzeichen.de\/en\/produkte\/ersatzteile\/\">Instandhaltung Ihres Golfplatzes<\/a>.<\/p>\n<\/div>\n\n\n\n<div class=\"wp-block-column is-layout-flow wp-block-column-is-layout-flow\">\n<p>We can produce any spare parts made of metal <a href=\"http:\/\/www.rt-lasertechnik.de\" target=\"_blank\" rel=\"noreferrer noopener\">produzieren<\/a>\u2013 turned and milled parts, laser cuts and welded components.<\/p>\n\n\n\n<p>Contact us! We will be happy to offer advice and answer any questions you might have.<\/p>\n<\/div>\n<\/div>\n\n\n\n<figure class=\"wp-block-gallery columns-4 is-cropped wp-block-gallery-1 is-layout-flex wp-block-gallery-is-layout-flex\"><ul class=\"blocks-gallery-grid\"><li class=\"blocks-gallery-item\"><figure><img fetchpriority=\"high\" decoding=\"async\" width=\"1024\" height=\"681\" src=\"https:\/\/golfzeichen.de\/wp-content\/uploads\/2021\/04\/Golfzeichen-Ersatzteile4-1024x681.jpg\" alt=\"\" data-id=\"1100\" data-full-url=\"https:\/\/golfzeichen.de\/wp-content\/uploads\/2021\/04\/Golfzeichen-Ersatzteile4.jpg\" data-link=\"https:\/\/golfzeichen.de\/close-up-assembled-clutch-for-heavy-tractor\/\" class=\"wp-image-1100\" srcset=\"https:\/\/golfzeichen.de\/wp-content\/uploads\/2021\/04\/Golfzeichen-Ersatzteile4-1024x681.jpg 1024w, https:\/\/golfzeichen.de\/wp-content\/uploads\/2021\/04\/Golfzeichen-Ersatzteile4-300x200.jpg 300w, https:\/\/golfzeichen.de\/wp-content\/uploads\/2021\/04\/Golfzeichen-Ersatzteile4-768x511.jpg 768w, https:\/\/golfzeichen.de\/wp-content\/uploads\/2021\/04\/Golfzeichen-Ersatzteile4-1536x1022.jpg 1536w, https:\/\/golfzeichen.de\/wp-content\/uploads\/2021\/04\/Golfzeichen-Ersatzteile4.jpg 1731w\" sizes=\"(max-width: 1024px) 100vw, 1024px\" \/><\/figure><\/li><li class=\"blocks-gallery-item\"><figure><img decoding=\"async\" width=\"720\" height=\"480\" src=\"https:\/\/golfzeichen.de\/wp-content\/uploads\/2021\/04\/Golfzeichen-Ersatzteile2.jpg\" alt=\"\" data-id=\"1098\" data-full-url=\"https:\/\/golfzeichen.de\/wp-content\/uploads\/2021\/04\/Golfzeichen-Ersatzteile2.jpg\" data-link=\"https:\/\/golfzeichen.de\/cnc-laser-cutting-of-metal-modern-industrial-technology\/\" class=\"wp-image-1098\" srcset=\"https:\/\/golfzeichen.de\/wp-content\/uploads\/2021\/04\/Golfzeichen-Ersatzteile2.jpg 720w, https:\/\/golfzeichen.de\/wp-content\/uploads\/2021\/04\/Golfzeichen-Ersatzteile2-300x200.jpg 300w\" sizes=\"(max-width: 720px) 100vw, 720px\" \/><\/figure><\/li><li class=\"blocks-gallery-item\"><figure><img decoding=\"async\" width=\"1024\" height=\"683\" src=\"https:\/\/golfzeichen.de\/wp-content\/uploads\/2021\/04\/Golfzeichen-Ersatzteile3-1024x683.jpg\" alt=\"\" data-id=\"1099\" data-full-url=\"https:\/\/golfzeichen.de\/wp-content\/uploads\/2021\/04\/Golfzeichen-Ersatzteile3.jpg\" data-link=\"https:\/\/golfzeichen.de\/industrial-background-from-metal-parts-produced-in-metal-industry\/\" class=\"wp-image-1099\" srcset=\"https:\/\/golfzeichen.de\/wp-content\/uploads\/2021\/04\/Golfzeichen-Ersatzteile3-1024x683.jpg 1024w, https:\/\/golfzeichen.de\/wp-content\/uploads\/2021\/04\/Golfzeichen-Ersatzteile3-300x200.jpg 300w, https:\/\/golfzeichen.de\/wp-content\/uploads\/2021\/04\/Golfzeichen-Ersatzteile3-768x512.jpg 768w, https:\/\/golfzeichen.de\/wp-content\/uploads\/2021\/04\/Golfzeichen-Ersatzteile3.jpg 1313w\" sizes=\"(max-width: 1024px) 100vw, 1024px\" \/><\/figure><\/li><li class=\"blocks-gallery-item\"><figure><img loading=\"lazy\" decoding=\"async\" width=\"1024\" height=\"682\" src=\"https:\/\/golfzeichen.de\/wp-content\/uploads\/2021\/04\/Golfzeichen-Ersatzteile1-1024x682.jpg\" alt=\"\" data-id=\"1097\" data-full-url=\"https:\/\/golfzeichen.de\/wp-content\/uploads\/2021\/04\/Golfzeichen-Ersatzteile1.jpg\" data-link=\"https:\/\/golfzeichen.de\/golfzeichen-ersatzteile1\/\" class=\"wp-image-1097\" srcset=\"https:\/\/golfzeichen.de\/wp-content\/uploads\/2021\/04\/Golfzeichen-Ersatzteile1-1024x682.jpg 1024w, https:\/\/golfzeichen.de\/wp-content\/uploads\/2021\/04\/Golfzeichen-Ersatzteile1-300x200.jpg 300w, https:\/\/golfzeichen.de\/wp-content\/uploads\/2021\/04\/Golfzeichen-Ersatzteile1-768x512.jpg 768w, https:\/\/golfzeichen.de\/wp-content\/uploads\/2021\/04\/Golfzeichen-Ersatzteile1.jpg 1351w\" sizes=\"(max-width: 1024px) 100vw, 1024px\" \/><\/figure><\/li><\/ul><\/figure>","protected":false},"excerpt":{"rendered":"<p>Individuell gefertigte Ersatzteile aus Metall f\u00fcr Golfpl\u00e4tze. Ihnen fehlt noch ein zuverl\u00e4ssiger Partner bei dem Sie Ersatzteile f\u00fcr Ihr Greenkeeping bestellen k\u00f6nnen? Jemand der genau nach Ihren Vorstellungen fertigen kann? Dann sind wir der richtige Ansprechpartner f\u00fcr die Instandhaltung Ihres Golfplatzes. Wir k\u00f6nnen mit unserer Fertigung jegliche Ersatzteile aus Metall produzieren: Dreh- und Fr\u00e4steile, Laserzuschnitte [&hellip;]<\/p>","protected":false},"author":1,"featured_media":0,"parent":12,"menu_order":0,"comment_status":"closed","ping_status":"closed","template":"","meta":{"_acf_changed":false,"footnotes":""},"class_list":["post-1078","page","type-page","status-publish","hentry"],"acf":[],"yoast_head":"<!-- This site is optimized with the Yoast SEO plugin v25.5 - https:\/\/yoast.com\/wordpress\/plugins\/seo\/ -->\n<title>Ersatzteile aus Metall f\u00fcr Golfpl\u00e4tze | Individuelle Fertigung | Golfzeichen<\/title>\n<meta name=\"description\" content=\"Ersatzteile aus Metall f\u00fcr Golfpl\u00e4tze, individuell und nach Ma\u00df f\u00fcr Ihr Greenkeeping und Ihren Platzbedarf gefertigt | Ersatzteile aus Metall\" \/>\n<meta name=\"robots\" content=\"index, follow, max-snippet:-1, max-image-preview:large, max-video-preview:-1\" \/>\n<link rel=\"canonical\" href=\"https:\/\/golfzeichen.de\/en\/produkte\/ersatzteile-fuer-golfplaetze-aus-metall\/\" \/>\n<meta property=\"og:locale\" content=\"en_GB\" \/>\n<meta property=\"og:type\" content=\"article\" \/>\n<meta property=\"og:title\" content=\"Ersatzteile aus Metall f\u00fcr Golfpl\u00e4tze | Individuelle Fertigung | Golfzeichen\" \/>\n<meta property=\"og:description\" content=\"Ersatzteile aus Metall f\u00fcr Golfpl\u00e4tze, individuell und nach Ma\u00df f\u00fcr Ihr Greenkeeping und Ihren Platzbedarf gefertigt | Ersatzteile aus Metall\" \/>\n<meta property=\"og:url\" content=\"https:\/\/golfzeichen.de\/en\/produkte\/ersatzteile-fuer-golfplaetze-aus-metall\/\" \/>\n<meta property=\"og:site_name\" content=\"Golfzeichen\" \/>\n<meta property=\"article:modified_time\" content=\"2021-04-30T08:56:57+00:00\" \/>\n<meta property=\"og:image\" content=\"https:\/\/golfzeichen.de\/wp-content\/uploads\/2021\/04\/Golfzeichen-Ersatzteile4-1024x681.jpg\" \/>\n<meta name=\"twitter:card\" content=\"summary_large_image\" \/>\n<meta name=\"twitter:label1\" content=\"Estimated reading time\" \/>\n\t<meta name=\"twitter:data1\" content=\"2 minutes\" \/>\n<script type=\"application\/ld+json\" class=\"yoast-schema-graph\">{\"@context\":\"https:\/\/schema.org\",\"@graph\":[{\"@type\":\"WebPage\",\"@id\":\"https:\/\/golfzeichen.de\/produkte\/ersatzteile-fuer-golfplaetze-aus-metall\/\",\"url\":\"https:\/\/golfzeichen.de\/produkte\/ersatzteile-fuer-golfplaetze-aus-metall\/\",\"name\":\"Ersatzteile aus Metall f\u00fcr Golfpl\u00e4tze | Individuelle Fertigung | Golfzeichen\",\"isPartOf\":{\"@id\":\"https:\/\/golfzeichen.de\/#website\"},\"primaryImageOfPage\":{\"@id\":\"https:\/\/golfzeichen.de\/produkte\/ersatzteile-fuer-golfplaetze-aus-metall\/#primaryimage\"},\"image\":{\"@id\":\"https:\/\/golfzeichen.de\/produkte\/ersatzteile-fuer-golfplaetze-aus-metall\/#primaryimage\"},\"thumbnailUrl\":\"https:\/\/golfzeichen.de\/wp-content\/uploads\/2021\/04\/Golfzeichen-Ersatzteile4-1024x681.jpg\",\"datePublished\":\"2021-04-20T12:26:26+00:00\",\"dateModified\":\"2021-04-30T08:56:57+00:00\",\"description\":\"Ersatzteile aus Metall f\u00fcr Golfpl\u00e4tze, individuell und nach Ma\u00df f\u00fcr Ihr Greenkeeping und Ihren Platzbedarf gefertigt | Ersatzteile aus Metall\",\"breadcrumb\":{\"@id\":\"https:\/\/golfzeichen.de\/produkte\/ersatzteile-fuer-golfplaetze-aus-metall\/#breadcrumb\"},\"inLanguage\":\"en-GB\",\"potentialAction\":[{\"@type\":\"ReadAction\",\"target\":[\"https:\/\/golfzeichen.de\/produkte\/ersatzteile-fuer-golfplaetze-aus-metall\/\"]}]},{\"@type\":\"ImageObject\",\"inLanguage\":\"en-GB\",\"@id\":\"https:\/\/golfzeichen.de\/produkte\/ersatzteile-fuer-golfplaetze-aus-metall\/#primaryimage\",\"url\":\"https:\/\/golfzeichen.de\/wp-content\/uploads\/2021\/04\/Golfzeichen-Ersatzteile4-1024x681.jpg\",\"contentUrl\":\"https:\/\/golfzeichen.de\/wp-content\/uploads\/2021\/04\/Golfzeichen-Ersatzteile4-1024x681.jpg\"},{\"@type\":\"BreadcrumbList\",\"@id\":\"https:\/\/golfzeichen.de\/produkte\/ersatzteile-fuer-golfplaetze-aus-metall\/#breadcrumb\",\"itemListElement\":[{\"@type\":\"ListItem\",\"position\":1,\"name\":\"Startseite\",\"item\":\"https:\/\/golfzeichen.de\/\"},{\"@type\":\"ListItem\",\"position\":2,\"name\":\"Produkte\",\"item\":\"https:\/\/golfzeichen.de\/produkte\/\"},{\"@type\":\"ListItem\",\"position\":3,\"name\":\"Ersatzteile\"}]},{\"@type\":\"WebSite\",\"@id\":\"https:\/\/golfzeichen.de\/#website\",\"url\":\"https:\/\/golfzeichen.de\/\",\"name\":\"Golfzeichen\",\"description\":\"So einzigartig und individuell wie Ihr Golfclub!\",\"publisher\":{\"@id\":\"https:\/\/golfzeichen.de\/#organization\"},\"potentialAction\":[{\"@type\":\"SearchAction\",\"target\":{\"@type\":\"EntryPoint\",\"urlTemplate\":\"https:\/\/golfzeichen.de\/?s={search_term_string}\"},\"query-input\":{\"@type\":\"PropertyValueSpecification\",\"valueRequired\":true,\"valueName\":\"search_term_string\"}}],\"inLanguage\":\"en-GB\"},{\"@type\":\"Organization\",\"@id\":\"https:\/\/golfzeichen.de\/#organization\",\"name\":\"Golfzeichen\",\"url\":\"https:\/\/golfzeichen.de\/\",\"logo\":{\"@type\":\"ImageObject\",\"inLanguage\":\"en-GB\",\"@id\":\"https:\/\/golfzeichen.de\/#\/schema\/logo\/image\/\",\"url\":\"https:\/\/golfzeichen.de\/wp-content\/uploads\/2021\/03\/Golfzeichen.png\",\"contentUrl\":\"https:\/\/golfzeichen.de\/wp-content\/uploads\/2021\/03\/Golfzeichen.png\",\"width\":342,\"height\":142,\"caption\":\"Golfzeichen\"},\"image\":{\"@id\":\"https:\/\/golfzeichen.de\/#\/schema\/logo\/image\/\"}}]}<\/script>\n<!-- \/ Yoast SEO plugin. -->","yoast_head_json":{"title":"Ersatzteile aus Metall f\u00fcr Golfpl\u00e4tze | Individuelle Fertigung | Golfzeichen","description":"Ersatzteile aus Metall f\u00fcr Golfpl\u00e4tze, individuell und nach Ma\u00df f\u00fcr Ihr Greenkeeping und Ihren Platzbedarf gefertigt | Ersatzteile aus Metall","robots":{"index":"index","follow":"follow","max-snippet":"max-snippet:-1","max-image-preview":"max-image-preview:large","max-video-preview":"max-video-preview:-1"},"canonical":"https:\/\/golfzeichen.de\/en\/produkte\/ersatzteile-fuer-golfplaetze-aus-metall\/","og_locale":"en_GB","og_type":"article","og_title":"Ersatzteile aus Metall f\u00fcr Golfpl\u00e4tze | Individuelle Fertigung | Golfzeichen","og_description":"Ersatzteile aus Metall f\u00fcr Golfpl\u00e4tze, individuell und nach Ma\u00df f\u00fcr Ihr Greenkeeping und Ihren Platzbedarf gefertigt | Ersatzteile aus Metall","og_url":"https:\/\/golfzeichen.de\/en\/produkte\/ersatzteile-fuer-golfplaetze-aus-metall\/","og_site_name":"Golfzeichen","article_modified_time":"2021-04-30T08:56:57+00:00","og_image":[{"url":"https:\/\/golfzeichen.de\/wp-content\/uploads\/2021\/04\/Golfzeichen-Ersatzteile4-1024x681.jpg","type":"","width":"","height":""}],"twitter_card":"summary_large_image","twitter_misc":{"Estimated reading time":"2 minutes"},"schema":{"@context":"https:\/\/schema.org","@graph":[{"@type":"WebPage","@id":"https:\/\/golfzeichen.de\/produkte\/ersatzteile-fuer-golfplaetze-aus-metall\/","url":"https:\/\/golfzeichen.de\/produkte\/ersatzteile-fuer-golfplaetze-aus-metall\/","name":"Ersatzteile aus Metall f\u00fcr Golfpl\u00e4tze | Individuelle Fertigung | Golfzeichen","isPartOf":{"@id":"https:\/\/golfzeichen.de\/#website"},"primaryImageOfPage":{"@id":"https:\/\/golfzeichen.de\/produkte\/ersatzteile-fuer-golfplaetze-aus-metall\/#primaryimage"},"image":{"@id":"https:\/\/golfzeichen.de\/produkte\/ersatzteile-fuer-golfplaetze-aus-metall\/#primaryimage"},"thumbnailUrl":"https:\/\/golfzeichen.de\/wp-content\/uploads\/2021\/04\/Golfzeichen-Ersatzteile4-1024x681.jpg","datePublished":"2021-04-20T12:26:26+00:00","dateModified":"2021-04-30T08:56:57+00:00","description":"Ersatzteile aus Metall f\u00fcr Golfpl\u00e4tze, individuell und nach Ma\u00df f\u00fcr Ihr Greenkeeping und Ihren Platzbedarf gefertigt | Ersatzteile aus Metall","breadcrumb":{"@id":"https:\/\/golfzeichen.de\/produkte\/ersatzteile-fuer-golfplaetze-aus-metall\/#breadcrumb"},"inLanguage":"en-GB","potentialAction":[{"@type":"ReadAction","target":["https:\/\/golfzeichen.de\/produkte\/ersatzteile-fuer-golfplaetze-aus-metall\/"]}]},{"@type":"ImageObject","inLanguage":"en-GB","@id":"https:\/\/golfzeichen.de\/produkte\/ersatzteile-fuer-golfplaetze-aus-metall\/#primaryimage","url":"https:\/\/golfzeichen.de\/wp-content\/uploads\/2021\/04\/Golfzeichen-Ersatzteile4-1024x681.jpg","contentUrl":"https:\/\/golfzeichen.de\/wp-content\/uploads\/2021\/04\/Golfzeichen-Ersatzteile4-1024x681.jpg"},{"@type":"BreadcrumbList","@id":"https:\/\/golfzeichen.de\/produkte\/ersatzteile-fuer-golfplaetze-aus-metall\/#breadcrumb","itemListElement":[{"@type":"ListItem","position":1,"name":"Startseite","item":"https:\/\/golfzeichen.de\/"},{"@type":"ListItem","position":2,"name":"Produkte","item":"https:\/\/golfzeichen.de\/produkte\/"},{"@type":"ListItem","position":3,"name":"Ersatzteile"}]},{"@type":"WebSite","@id":"https:\/\/golfzeichen.de\/#website","url":"https:\/\/golfzeichen.de\/","name":"Golfzeichen","description":"So einzigartig und individuell wie Ihr Golfclub!","publisher":{"@id":"https:\/\/golfzeichen.de\/#organization"},"potentialAction":[{"@type":"SearchAction","target":{"@type":"EntryPoint","urlTemplate":"https:\/\/golfzeichen.de\/?s={search_term_string}"},"query-input":{"@type":"PropertyValueSpecification","valueRequired":true,"valueName":"search_term_string"}}],"inLanguage":"en-GB"},{"@type":"Organization","@id":"https:\/\/golfzeichen.de\/#organization","name":"Golfzeichen","url":"https:\/\/golfzeichen.de\/","logo":{"@type":"ImageObject","inLanguage":"en-GB","@id":"https:\/\/golfzeichen.de\/#\/schema\/logo\/image\/","url":"https:\/\/golfzeichen.de\/wp-content\/uploads\/2021\/03\/Golfzeichen.png","contentUrl":"https:\/\/golfzeichen.de\/wp-content\/uploads\/2021\/03\/Golfzeichen.png","width":342,"height":142,"caption":"Golfzeichen"},"image":{"@id":"https:\/\/golfzeichen.de\/#\/schema\/logo\/image\/"}}]}},"_links":{"self":[{"href":"https:\/\/golfzeichen.de\/en\/wp-json\/wp\/v2\/pages\/1078","targetHints":{"allow":["GET"]}}],"collection":[{"href":"https:\/\/golfzeichen.de\/en\/wp-json\/wp\/v2\/pages"}],"about":[{"href":"https:\/\/golfzeichen.de\/en\/wp-json\/wp\/v2\/types\/page"}],"author":[{"embeddable":true,"href":"https:\/\/golfzeichen.de\/en\/wp-json\/wp\/v2\/users\/1"}],"replies":[{"embeddable":true,"href":"https:\/\/golfzeichen.de\/en\/wp-json\/wp\/v2\/comments?post=1078"}],"version-history":[{"count":14,"href":"https:\/\/golfzeichen.de\/en\/wp-json\/wp\/v2\/pages\/1078\/revisions"}],"predecessor-version":[{"id":1447,"href":"https:\/\/golfzeichen.de\/en\/wp-json\/wp\/v2\/pages\/1078\/revisions\/1447"}],"up":[{"embeddable":true,"href":"https:\/\/golfzeichen.de\/en\/wp-json\/wp\/v2\/pages\/12"}],"wp:attachment":[{"href":"https:\/\/golfzeichen.de\/en\/wp-json\/wp\/v2\/media?parent=1078"}],"curies":[{"name":"wp","href":"https:\/\/api.w.org\/{rel}","templated":true}]}}